{"id":1646,"date":"2022-07-04T09:55:02","date_gmt":"2022-07-04T07:55:02","guid":{"rendered":"https:\/\/www.lifestyle-by-wolfgang.at\/WP\/?page_id=1646"},"modified":"2022-07-13T15:59:08","modified_gmt":"2022-07-13T13:59:08","slug":"fitness","status":"publish","type":"page","link":"https:\/\/www.lifestyle-by-wolfgang.at\/WP\/fitness\/","title":{"rendered":"Fitness\ud83d\ude42byWolfgang\ud83c\udf4e"},"content":{"rendered":"\t\t<div data-elementor-type=\"wp-page\" data-elementor-id=\"1646\" class=\"elementor elementor-1646\" data-elementor-post-type=\"page\">\n\t\t\t\t\t\t<section class=\"elementor-section elementor-top-section elementor-element elementor-element-ed4d077 elementor-section-boxed elementor-section-height-default elementor-section-height-default\" data-id=\"ed4d077\" data-element_type=\"section\" data-settings=\"{&quot;background_background&quot;:&quot;slideshow&quot;,&quot;background_slideshow_gallery&quot;:[{&quot;id&quot;:605,&quot;url&quot;:&quot;https:\\\/\\\/www.lifestyle-by-wolfgang.at\\\/WP\\\/wp-content\\\/uploads\\\/2022\\\/02\\\/trees-g36a828cf5_1920.jpg&quot;}],&quot;background_slideshow_slide_duration&quot;:5000,&quot;background_slideshow_slide_transition&quot;:&quot;fade&quot;,&quot;background_slideshow_transition_duration&quot;:500}\">\n\t\t\t\t\t\t\t<div class=\"elementor-background-overlay\"><\/div>\n\t\t\t\t\t\t\t<div class=\"elementor-container elementor-column-gap-default\">\n\t\t\t\t\t<div class=\"elementor-column elementor-col-100 elementor-top-column elementor-element elementor-element-6081855\" data-id=\"6081855\" data-element_type=\"column\">\n\t\t\t<div class=\"elementor-widget-wrap elementor-element-populated\">\n\t\t\t\t\t\t<div class=\"elementor-element elementor-element-9bad0bb elementor-widget elementor-widget-heading\" data-id=\"9bad0bb\" data-element_type=\"widget\" data-widget_type=\"heading.default\">\n\t\t\t\t<div class=\"elementor-widget-container\">\n\t\t\t\t\t<h1 class=\"elementor-heading-title elementor-size-default\">Fitness im Alter f\u00fcr ein gesundes Alter<\/h1>\t\t\t\t<\/div>\n\t\t\t\t<\/div>\n\t\t\t\t<div class=\"elementor-element elementor-element-384f60c elementor-widget__width-inherit elementor-widget elementor-widget-text-editor\" data-id=\"384f60c\" data-element_type=\"widget\" data-widget_type=\"text-editor.default\">\n\t\t\t\t<div class=\"elementor-widget-container\">\n\t\t\t\t\t\t\t\t\t<p>F\u00fcr eine ganzheitliche Gesundheit ist auch die k\u00f6rperliche Fitness ein wichtiger Punkt. Unsere Muskeln m\u00fcssen gefordert und gef\u00f6rdert werden. Nicht zuletzt, weil eine gesunde Muskulatur uns auch beim Abnehmen hilft, weil ein Muskel auch in Ruhe &#8222;Treibstoff&#8220; braucht und unsere Fettdepots reduziert.<br \/>Mit den n\u00e4chsten Videos m\u00f6chte ich euch alle motivieren, euch gemeinsam mit mir zu flotter Musik zu bewegen, eure Muskeln zu st\u00e4rken und so zu mehr Agilit\u00e4t im t\u00e4glichen Leben zu kommen.<\/p>\t\t\t\t\t\t\t\t<\/div>\n\t\t\t\t<\/div>\n\t\t\t\t<section class=\"elementor-section elementor-inner-section elementor-element elementor-element-7ed0123 elementor-section-boxed elementor-section-height-default elementor-section-height-default\" data-id=\"7ed0123\" data-element_type=\"section\">\n\t\t\t\t\t\t<div class=\"elementor-container elementor-column-gap-default\">\n\t\t\t\t\t<div class=\"elementor-column elementor-col-50 elementor-inner-column elementor-element elementor-element-e5f5f7a\" data-id=\"e5f5f7a\" data-element_type=\"column\">\n\t\t\t<div class=\"elementor-widget-wrap elementor-element-populated\">\n\t\t\t\t\t\t<div class=\"elementor-element elementor-element-68a5359 elementor-widget elementor-widget-heading\" data-id=\"68a5359\" data-element_type=\"widget\" data-widget_type=\"heading.default\">\n\t\t\t\t<div class=\"elementor-widget-container\">\n\t\t\t\t\t<h2 class=\"elementor-heading-title elementor-size-default\">Trampolintraining<\/h2>\t\t\t\t<\/div>\n\t\t\t\t<\/div>\n\t\t\t\t<div class=\"elementor-element elementor-element-b8a761f elementor-widget elementor-widget-text-editor\" data-id=\"b8a761f\" data-element_type=\"widget\" data-widget_type=\"text-editor.default\">\n\t\t\t\t<div class=\"elementor-widget-container\">\n\t\t\t\t\t\t\t\t\t<p><span class=\"ILfuVd\" lang=\"de\"><span class=\"hgKElc\">Durch die Aktivierung der Muskelpumpe beim Trampolintraining wird unser Lymphsystem angeregt und der K\u00f6rper kann Gift- und Schlackstoffe besser ausscheiden, die Stoffwechselaktivit\u00e4t und das Immunsystem werden gest\u00e4rkt.<br \/>In Kombination mit den Therab\u00e4ndern auch eine perfekte St\u00e4rkung der Muskulatur<\/span><\/span><\/p>\t\t\t\t\t\t\t\t<\/div>\n\t\t\t\t<\/div>\n\t\t\t\t\t<\/div>\n\t\t<\/div>\n\t\t\t\t<div class=\"elementor-column elementor-col-50 elementor-inner-column elementor-element elementor-element-e58210f\" data-id=\"e58210f\" data-element_type=\"column\">\n\t\t\t<div class=\"elementor-widget-wrap elementor-element-populated\">\n\t\t\t\t\t\t<div class=\"elementor-element elementor-element-f3a875d elementor-widget elementor-widget-video\" data-id=\"f3a875d\" data-element_type=\"widget\" data-settings=\"{&quot;youtube_url&quot;:&quot;https:\\\/\\\/youtu.be\\\/IZX7onIeLVw&quot;,&quot;video_type&quot;:&quot;youtube&quot;,&quot;controls&quot;:&quot;yes&quot;}\" data-widget_type=\"video.default\">\n\t\t\t\t<div class=\"elementor-widget-container\">\n\t\t\t\t\t\t\t<div class=\"elementor-wrapper elementor-open-inline\">\n\t\t\t<div class=\"elementor-video\"><\/div>\t\t<\/div>\n\t\t\t\t\t\t<\/div>\n\t\t\t\t<\/div>\n\t\t\t\t\t<\/div>\n\t\t<\/div>\n\t\t\t\t\t<\/div>\n\t\t<\/section>\n\t\t\t\t<section class=\"elementor-section elementor-inner-section elementor-element elementor-element-bc8976c elementor-section-boxed elementor-section-height-default elementor-section-height-default\" data-id=\"bc8976c\" data-element_type=\"section\">\n\t\t\t\t\t\t<div class=\"elementor-container elementor-column-gap-default\">\n\t\t\t\t\t<div class=\"elementor-column elementor-col-50 elementor-inner-column elementor-element elementor-element-62add08\" data-id=\"62add08\" data-element_type=\"column\">\n\t\t\t<div class=\"elementor-widget-wrap elementor-element-populated\">\n\t\t\t\t\t\t<div class=\"elementor-element elementor-element-0feca9a elementor-widget elementor-widget-heading\" data-id=\"0feca9a\" data-element_type=\"widget\" data-widget_type=\"heading.default\">\n\t\t\t\t<div class=\"elementor-widget-container\">\n\t\t\t\t\t<h2 class=\"elementor-heading-title elementor-size-default\">Bodentraining<\/h2>\t\t\t\t<\/div>\n\t\t\t\t<\/div>\n\t\t\t\t<div class=\"elementor-element elementor-element-947505f elementor-widget elementor-widget-text-editor\" data-id=\"947505f\" data-element_type=\"widget\" data-widget_type=\"text-editor.default\">\n\t\t\t\t<div class=\"elementor-widget-container\">\n\t\t\t\t\t\t\t\t\t<p>Durch eine St\u00e4rkung der geraden und seitlichen Bauchmuskulatur erh\u00f6hen wir unsere Rumpfstabilit\u00e4t und entlasten damit unsere Wirbels\u00e4ule<\/p>\t\t\t\t\t\t\t\t<\/div>\n\t\t\t\t<\/div>\n\t\t\t\t\t<\/div>\n\t\t<\/div>\n\t\t\t\t<div class=\"elementor-column elementor-col-50 elementor-inner-column elementor-element elementor-element-5278059\" data-id=\"5278059\" data-element_type=\"column\">\n\t\t\t<div class=\"elementor-widget-wrap elementor-element-populated\">\n\t\t\t\t\t\t<div class=\"elementor-element elementor-element-7b6d917 elementor-widget elementor-widget-video\" data-id=\"7b6d917\" data-element_type=\"widget\" data-settings=\"{&quot;youtube_url&quot;:&quot;https:\\\/\\\/youtu.be\\\/E4l_ebiuqWY&quot;,&quot;video_type&quot;:&quot;youtube&quot;,&quot;controls&quot;:&quot;yes&quot;}\" data-widget_type=\"video.default\">\n\t\t\t\t<div class=\"elementor-widget-container\">\n\t\t\t\t\t\t\t<div class=\"elementor-wrapper elementor-open-inline\">\n\t\t\t<div class=\"elementor-video\"><\/div>\t\t<\/div>\n\t\t\t\t\t\t<\/div>\n\t\t\t\t<\/div>\n\t\t\t\t\t<\/div>\n\t\t<\/div>\n\t\t\t\t\t<\/div>\n\t\t<\/section>\n\t\t\t\t<section class=\"elementor-section elementor-inner-section elementor-element elementor-element-ea99512 elementor-section-boxed elementor-section-height-default elementor-section-height-default\" data-id=\"ea99512\" data-element_type=\"section\">\n\t\t\t\t\t\t<div class=\"elementor-container elementor-column-gap-default\">\n\t\t\t\t\t<div class=\"elementor-column elementor-col-50 elementor-inner-column elementor-element elementor-element-868904a\" data-id=\"868904a\" data-element_type=\"column\">\n\t\t\t<div class=\"elementor-widget-wrap elementor-element-populated\">\n\t\t\t\t\t\t<div class=\"elementor-element elementor-element-0135ccd elementor-widget elementor-widget-heading\" data-id=\"0135ccd\" data-element_type=\"widget\" data-widget_type=\"heading.default\">\n\t\t\t\t<div class=\"elementor-widget-container\">\n\t\t\t\t\t<h2 class=\"elementor-heading-title elementor-size-default\">Hanteltraining im Freien<\/h2>\t\t\t\t<\/div>\n\t\t\t\t<\/div>\n\t\t\t\t<div class=\"elementor-element elementor-element-1ff45d3 elementor-widget elementor-widget-text-editor\" data-id=\"1ff45d3\" data-element_type=\"widget\" data-widget_type=\"text-editor.default\">\n\t\t\t\t<div class=\"elementor-widget-container\">\n\t\t\t\t\t\t\t\t\t<p>Was gibt es sch\u00f6neres, als Trainingseinheiten in frischer Luft und bei Sonnenschein zu absolvieren; also, Hantel abstauben und raus in die Luft<\/p>\t\t\t\t\t\t\t\t<\/div>\n\t\t\t\t<\/div>\n\t\t\t\t\t<\/div>\n\t\t<\/div>\n\t\t\t\t<div class=\"elementor-column elementor-col-50 elementor-inner-column elementor-element elementor-element-c4c6cfb\" data-id=\"c4c6cfb\" data-element_type=\"column\">\n\t\t\t<div class=\"elementor-widget-wrap elementor-element-populated\">\n\t\t\t\t\t\t<div class=\"elementor-element elementor-element-fa49aa4 elementor-widget elementor-widget-video\" data-id=\"fa49aa4\" data-element_type=\"widget\" data-settings=\"{&quot;youtube_url&quot;:&quot;https:\\\/\\\/youtu.be\\\/QDN0e-0MfYk&quot;,&quot;video_type&quot;:&quot;youtube&quot;,&quot;controls&quot;:&quot;yes&quot;}\" data-widget_type=\"video.default\">\n\t\t\t\t<div class=\"elementor-widget-container\">\n\t\t\t\t\t\t\t<div class=\"elementor-wrapper elementor-open-inline\">\n\t\t\t<div class=\"elementor-video\"><\/div>\t\t<\/div>\n\t\t\t\t\t\t<\/div>\n\t\t\t\t<\/div>\n\t\t\t\t\t<\/div>\n\t\t<\/div>\n\t\t\t\t\t<\/div>\n\t\t<\/section>\n\t\t\t\t<section class=\"elementor-section elementor-inner-section elementor-element elementor-element-3b955d5 elementor-section-boxed elementor-section-height-default elementor-section-height-default\" data-id=\"3b955d5\" data-element_type=\"section\">\n\t\t\t\t\t\t<div class=\"elementor-container elementor-column-gap-default\">\n\t\t\t\t\t<div class=\"elementor-column elementor-col-50 elementor-inner-column elementor-element elementor-element-7f801d3\" data-id=\"7f801d3\" data-element_type=\"column\">\n\t\t\t<div class=\"elementor-widget-wrap elementor-element-populated\">\n\t\t\t\t\t\t<div class=\"elementor-element elementor-element-260702c elementor-widget elementor-widget-heading\" data-id=\"260702c\" data-element_type=\"widget\" data-widget_type=\"heading.default\">\n\t\t\t\t<div class=\"elementor-widget-container\">\n\t\t\t\t\t<h2 class=\"elementor-heading-title elementor-size-default\">T\u00e4gliche Bewegung, MACH ES<\/h2>\t\t\t\t<\/div>\n\t\t\t\t<\/div>\n\t\t\t\t<div class=\"elementor-element elementor-element-ba2197c elementor-widget elementor-widget-text-editor\" data-id=\"ba2197c\" data-element_type=\"widget\" data-widget_type=\"text-editor.default\">\n\t\t\t\t<div class=\"elementor-widget-container\">\n\t\t\t\t\t\t\t\t\t<p>Unser K\u00f6rper arbeitet st\u00e4ndig f\u00fcr uns, ohne das es uns oft bewusst. Was kann ich dazu beitragen, dass es mir tagt\u00e4glich besser geht, dass ich meinem K\u00f6rper, meinem einzigen K\u00f6rper, gutes zur\u00fcckgeben kann<\/p>\t\t\t\t\t\t\t\t<\/div>\n\t\t\t\t<\/div>\n\t\t\t\t\t<\/div>\n\t\t<\/div>\n\t\t\t\t<div class=\"elementor-column elementor-col-50 elementor-inner-column elementor-element elementor-element-8989a22\" data-id=\"8989a22\" data-element_type=\"column\">\n\t\t\t<div class=\"elementor-widget-wrap elementor-element-populated\">\n\t\t\t\t\t\t<div class=\"elementor-element elementor-element-a30a832 elementor-widget elementor-widget-video\" data-id=\"a30a832\" data-element_type=\"widget\" data-settings=\"{&quot;youtube_url&quot;:&quot;https:\\\/\\\/youtu.be\\\/pRIVARpZz3I&quot;,&quot;video_type&quot;:&quot;youtube&quot;,&quot;controls&quot;:&quot;yes&quot;}\" data-widget_type=\"video.default\">\n\t\t\t\t<div class=\"elementor-widget-container\">\n\t\t\t\t\t\t\t<div class=\"elementor-wrapper elementor-open-inline\">\n\t\t\t<div class=\"elementor-video\"><\/div>\t\t<\/div>\n\t\t\t\t\t\t<\/div>\n\t\t\t\t<\/div>\n\t\t\t\t\t<\/div>\n\t\t<\/div>\n\t\t\t\t\t<\/div>\n\t\t<\/section>\n\t\t\t\t\t<\/div>\n\t\t<\/div>\n\t\t\t\t\t<\/div>\n\t\t<\/section>\n\t\t\t\t<\/div>\n\t\t","protected":false},"excerpt":{"rendered":"<p>Fitness im Alter f\u00fcr ein gesundes Alter F\u00fcr eine ganzheitliche Gesundheit ist auch die k\u00f6rperliche Fitness ein wichtiger Punkt. Unsere Muskeln m\u00fcssen gefordert und gef\u00f6rdert werden. Nicht zuletzt, weil eine gesunde Muskulatur uns auch beim Abnehmen hilft, weil ein Muskel auch in Ruhe &#8222;Treibstoff&#8220; braucht und unsere Fettdepots reduziert.Mit den n\u00e4chsten Videos m\u00f6chte ich euch [&hellip;]<\/p>\n","protected":false},"author":1,"featured_media":605,"parent":0,"menu_order":0,"comment_status":"closed","ping_status":"closed","template":"page-templates\/pagebuilder.php","meta":{"footnotes":""},"class_list":["post-1646","page","type-page","status-publish","has-post-thumbnail","hentry"],"_links":{"self":[{"href":"https:\/\/www.lifestyle-by-wolfgang.at\/WP\/wp-json\/wp\/v2\/pages\/1646","targetHints":{"allow":["GET"]}}],"collection":[{"href":"https:\/\/www.lifestyle-by-wolfgang.at\/WP\/wp-json\/wp\/v2\/pages"}],"about":[{"href":"https:\/\/www.lifestyle-by-wolfgang.at\/WP\/wp-json\/wp\/v2\/types\/page"}],"author":[{"embeddable":true,"href":"https:\/\/www.lifestyle-by-wolfgang.at\/WP\/wp-json\/wp\/v2\/users\/1"}],"replies":[{"embeddable":true,"href":"https:\/\/www.lifestyle-by-wolfgang.at\/WP\/wp-json\/wp\/v2\/comments?post=1646"}],"version-history":[{"count":32,"href":"https:\/\/www.lifestyle-by-wolfgang.at\/WP\/wp-json\/wp\/v2\/pages\/1646\/revisions"}],"predecessor-version":[{"id":1775,"href":"https:\/\/www.lifestyle-by-wolfgang.at\/WP\/wp-json\/wp\/v2\/pages\/1646\/revisions\/1775"}],"wp:featuredmedia":[{"embeddable":true,"href":"https:\/\/www.lifestyle-by-wolfgang.at\/WP\/wp-json\/wp\/v2\/media\/605"}],"wp:attachment":[{"href":"https:\/\/www.lifestyle-by-wolfgang.at\/WP\/wp-json\/wp\/v2\/media?parent=1646"}],"curies":[{"name":"wp","href":"https:\/\/api.w.org\/{rel}","templated":true}]}}