{"id":2252,"date":"2023-01-10T15:21:53","date_gmt":"2023-01-10T14:21:53","guid":{"rendered":"https:\/\/www.lifestyle-by-wolfgang.at\/WP\/?page_id=2252"},"modified":"2023-01-10T17:16:51","modified_gmt":"2023-01-10T16:16:51","slug":"gaestebuch","status":"publish","type":"page","link":"https:\/\/www.lifestyle-by-wolfgang.at\/WP\/gaestebuch\/","title":{"rendered":"G\u00e4stebuch"},"content":{"rendered":"\t\t<div data-elementor-type=\"wp-page\" data-elementor-id=\"2252\" class=\"elementor elementor-2252\" data-elementor-post-type=\"page\">\n\t\t\t\t\t\t<section class=\"elementor-section elementor-top-section elementor-element elementor-element-ed4d077 elementor-section-boxed elementor-section-height-default elementor-section-height-default\" data-id=\"ed4d077\" data-element_type=\"section\" data-settings=\"{&quot;background_background&quot;:&quot;slideshow&quot;,&quot;background_slideshow_gallery&quot;:[{&quot;id&quot;:605,&quot;url&quot;:&quot;https:\\\/\\\/www.lifestyle-by-wolfgang.at\\\/WP\\\/wp-content\\\/uploads\\\/2022\\\/02\\\/trees-g36a828cf5_1920.jpg&quot;}],&quot;background_slideshow_loop&quot;:&quot;yes&quot;,&quot;background_slideshow_slide_duration&quot;:5000,&quot;background_slideshow_slide_transition&quot;:&quot;fade&quot;,&quot;background_slideshow_transition_duration&quot;:500}\">\n\t\t\t\t\t\t\t<div class=\"elementor-background-overlay\"><\/div>\n\t\t\t\t\t\t\t<div class=\"elementor-container elementor-column-gap-default\">\n\t\t\t\t\t<div class=\"elementor-column elementor-col-100 elementor-top-column elementor-element elementor-element-6081855\" data-id=\"6081855\" data-element_type=\"column\" data-settings=\"{&quot;background_background&quot;:&quot;classic&quot;}\">\n\t\t\t<div class=\"elementor-widget-wrap elementor-element-populated\">\n\t\t\t\t\t\t<section class=\"elementor-section elementor-inner-section elementor-element elementor-element-4a76231 elementor-section-boxed elementor-section-height-default elementor-section-height-default\" data-id=\"4a76231\" data-element_type=\"section\">\n\t\t\t\t\t\t<div class=\"elementor-container elementor-column-gap-default\">\n\t\t\t\t\t<div class=\"elementor-column elementor-col-50 elementor-inner-column elementor-element elementor-element-9fb1449\" data-id=\"9fb1449\" data-element_type=\"column\">\n\t\t\t<div class=\"elementor-widget-wrap elementor-element-populated\">\n\t\t\t\t\t\t<div class=\"elementor-element elementor-element-9bad0bb elementor-widget elementor-widget-heading\" data-id=\"9bad0bb\" data-element_type=\"widget\" data-widget_type=\"heading.default\">\n\t\t\t\t<div class=\"elementor-widget-container\">\n\t\t\t\t\t<h1 class=\"elementor-heading-title elementor-size-default\">G\u00e4stebuch<\/h1>\t\t\t\t<\/div>\n\t\t\t\t<\/div>\n\t\t\t\t\t<\/div>\n\t\t<\/div>\n\t\t\t\t<div class=\"elementor-column elementor-col-50 elementor-inner-column elementor-element elementor-element-e20eda9\" data-id=\"e20eda9\" data-element_type=\"column\">\n\t\t\t<div class=\"elementor-widget-wrap elementor-element-populated\">\n\t\t\t\t\t\t<div class=\"elementor-element elementor-element-3271e27 elementor-button-danger elementor-align-right elementor-widget elementor-widget-button\" data-id=\"3271e27\" data-element_type=\"widget\" data-widget_type=\"button.default\">\n\t\t\t\t<div class=\"elementor-widget-container\">\n\t\t\t\t\t\t\t\t\t<div class=\"elementor-button-wrapper\">\n\t\t\t\t\t<a class=\"elementor-button elementor-button-link elementor-size-sm\" href=\"https:\/\/www.lifestyle-by-wolfgang.at\/WP\/gaestebucheintrag\/\">\n\t\t\t\t\t\t<span class=\"elementor-button-content-wrapper\">\n\t\t\t\t\t\t\t\t\t<span class=\"elementor-button-text\">neuen Eintrag in meinem G\u00e4stebuch erzeugen<\/span>\n\t\t\t\t\t<\/span>\n\t\t\t\t\t<\/a>\n\t\t\t\t<\/div>\n\t\t\t\t\t\t\t\t<\/div>\n\t\t\t\t<\/div>\n\t\t\t\t\t<\/div>\n\t\t<\/div>\n\t\t\t\t\t<\/div>\n\t\t<\/section>\n\t\t\t\t<section class=\"elementor-section elementor-inner-section elementor-element elementor-element-fab721c elementor-section-boxed elementor-section-height-default elementor-section-height-default\" data-id=\"fab721c\" data-element_type=\"section\">\n\t\t\t\t\t\t<div class=\"elementor-container elementor-column-gap-default\">\n\t\t\t\t\t<div class=\"elementor-column elementor-col-100 elementor-inner-column elementor-element elementor-element-c80bd6d\" data-id=\"c80bd6d\" data-element_type=\"column\">\n\t\t\t<div class=\"elementor-widget-wrap elementor-element-populated\">\n\t\t\t\t\t\t<div class=\"elementor-element elementor-element-c774b2e elementor-widget elementor-widget-wp-widget-gwolle_gb_av_rating\" data-id=\"c774b2e\" data-element_type=\"widget\" data-widget_type=\"wp-widget-gwolle_gb_av_rating.default\">\n\t\t\t\t<div class=\"elementor-widget-container\">\n\t\t\t\t\t\n\t\t\t\t<div class=\"gwolle-gb-widget-av-rating\"><h5>Durchschnittliche Sterne-Bewertung<\/h5>\n\t\t\t\t<div class=\"rating-totals\" style=\"padding:8px 0;\">\n\t\t\t\t\t<div class=\"rating-summary\">\n\t\t\t\t\t\t<div itemprop=\"aggregateRating\" itemscope itemtype=\"http:\/\/schema.org\/AggregateRating\">\n\t\t\t\t\t\t\t<div itemprop=\"itemReviewed\" itemscope itemtype=\"http:\/\/schema.org\/Organization\">\n\t\t\t\t\t\t\t\t<meta itemprop=\"name\" content=\"Durchschnittliche Sterne-Bewertung\">\n\t\t\t\t\t\t\t<\/div>\n\t\t\t\t\t\t\t\t<div class=\"rateit\" data-rateit-value=\"5\" data-rateit-ispreset=\"true\" data-rateit-readonly=\"true\"><\/div>&nbsp;Durchschnittliche Bewertung: <strong><span itemprop=\"ratingValue\">5,00<\/span> von <span itemprop=\"bestRating\">5<\/span><\/strong> (<span itemprop=\"ratingCount\">6<\/span> Stimmen)\n\t\t\t\t\t\t<\/div>\n\t\t\t\t\t<\/div>\n\t\t\t\t<\/div>\n\t\t\t\t<\/div>\n\t\t\t\t\t\t\t\t<\/div>\n\t\t\t\t<\/div>\n\t\t\t\t\t<\/div>\n\t\t<\/div>\n\t\t\t\t\t<\/div>\n\t\t<\/section>\n\t\t\t\t<section class=\"elementor-section elementor-inner-section elementor-element elementor-element-6854b80 elementor-section-boxed elementor-section-height-default elementor-section-height-default\" data-id=\"6854b80\" data-element_type=\"section\">\n\t\t\t\t\t\t<div class=\"elementor-container elementor-column-gap-default\">\n\t\t\t\t\t<div class=\"elementor-column elementor-col-100 elementor-inner-column elementor-element elementor-element-b36a1ee\" data-id=\"b36a1ee\" data-element_type=\"column\">\n\t\t\t<div class=\"elementor-widget-wrap elementor-element-populated\">\n\t\t\t\t\t\t<div class=\"elementor-element elementor-element-947349c elementor-widget elementor-widget-wp-widget-gwolle_gb\" data-id=\"947349c\" data-element_type=\"widget\" data-widget_type=\"wp-widget-gwolle_gb.default\">\n\t\t\t\t<div class=\"elementor-widget-container\">\n\t\t\t\t\t\n\t\t\t\t<div class=\"gwolle_gb_widget gwolle-gb-widget\"><h5>G\u00e4stebucheintr\u00e4ge<\/h5>\n\t\t\t\t\t<ul class=\"gwolle_gb_widget gwolle-gb-widget\">\n\t\t\t\t\t\t<li class=\"gwolle_gb_widget gwolle-gb-widget\">\n\t\t\t\t\t\t\t<article>\n\t\t\t\t\t\t\t\t<span class=\"gb-author-name\">Andrea und Uwe Steinmann<\/span><span class=\"gb-author-date-separator\"> \/ <\/span>\n\t\t\t\t\t\t\t\t<span class=\"gb-date\">5. August 2024<\/span><br \/>\n\t\t\t\t\t\t\t\t<span class=\"gb-entry-content\">Hallo Wolfgang! Danke f\u00fcr deinen tollen Vortrag heute im Zoom Meeting! Wir sind total begeistert! Viel Erfolg und bleib gesund! Herzliche Gr\u00fc\u00dfe aus der S\u00fcdheide! Andrea und Uwe<\/span>\n\t\t\t\t\t\t\t\t<span class=\"gb-content-meta_Produkt\">\n\t\t\t\t\t\t\t\t\t<span class=\"gb-content-meta_Produkt-name\">Produkt: <\/span><span class=\"gb-content-meta_Produkt-content\">sonstiges<\/span>\n\t\t\t\t\t\t\t\t<\/span><br \/>\n\t\t\t\t\t\t\t\t<span class=\"gb-content-starrating\">\n\t\t\t\t\t\t\t\t\t<span class=\"rateit\" data-rateit-value=\"5\" data-rateit-ispreset=\"true\" data-rateit-readonly=\"true\"><\/span>\n\t\t\t\t\t\t\t\t<\/span>\n\t\t\t\t\t\t\t<\/article>\n\t\t\t\t\t\t<\/li>\n\t\t\t\t\t\t<li class=\"gwolle_gb_widget gwolle-gb-widget\">\n\t\t\t\t\t\t\t<article>\n\t\t\t\t\t\t\t\t<span class=\"gb-author-name\">Kerstin Kretschmar<\/span><span class=\"gb-author-date-separator\"> \/ <\/span>\n\t\t\t\t\t\t\t\t<span class=\"gb-date\">12. Juni 2024<\/span><br \/>\n\t\t\t\t\t\t\t\t<span class=\"gb-entry-content\">Lieber Wolfgang, \r\nvielen herzlichen Dank f\u00fcr deinen starken Vortrag zum Thema Gesundheit\/Pr\u00e4vention! \r\nWeiterhin alle guten W\u00fcnsche f\u00fcr dich!\r\n\r\nKerstin<\/span>\n\t\t\t\t\t\t\t\t<span class=\"gb-content-meta_Produkt\">\n\t\t\t\t\t\t\t\t\t<span class=\"gb-content-meta_Produkt-name\">Produkt: <\/span><span class=\"gb-content-meta_Produkt-content\">sonstiges<\/span>\n\t\t\t\t\t\t\t\t<\/span><br \/>\n\t\t\t\t\t\t\t\t<span class=\"gb-content-starrating\">\n\t\t\t\t\t\t\t\t\t<span class=\"rateit\" data-rateit-value=\"5\" data-rateit-ispreset=\"true\" data-rateit-readonly=\"true\"><\/span>\n\t\t\t\t\t\t\t\t<\/span>\n\t\t\t\t\t\t\t<\/article>\n\t\t\t\t\t\t<\/li>\n\t\t\t\t\t\t<li class=\"gwolle_gb_widget gwolle-gb-widget\">\n\t\t\t\t\t\t\t<article>\n\t\t\t\t\t\t\t\t<span class=\"gb-author-name\">Hofer Viktoria<\/span><span class=\"gb-author-date-separator\"> \/ <\/span>\n\t\t\t\t\t\t\t\t<span class=\"gb-date\">18. August 2023<\/span><br \/>\n\t\t\t\t\t\t\t\t<span class=\"gb-entry-content\">Wolfgang ist einfach ein super Lehrmeister. Ich selber habe eine Ausbildung als Ern\u00e4hrungstrainerin aber noch lange nicht das Wissen das Wolfgang hat. Ich bin sehr dankbar, dass ich Wolfgang an meiner Seite habe und er mich als Mentor unterst\u00fctz. Mir und meinen Kunden so sehr weiterhilft und selbst wenn ich auch mit kniffligere Aufgaben zu ihm komme. Er ist gro\u00dfes Vorbild von mir.<\/span>\n\t\t\t\t\t\t\t\t<span class=\"gb-content-meta_Produkt\">\n\t\t\t\t\t\t\t\t\t<span class=\"gb-content-meta_Produkt-name\">Produkt: <\/span><span class=\"gb-content-meta_Produkt-content\">sonstiges<\/span>\n\t\t\t\t\t\t\t\t<\/span><br \/>\n\t\t\t\t\t\t\t\t<span class=\"gb-content-starrating\">\n\t\t\t\t\t\t\t\t\t<span class=\"rateit\" data-rateit-value=\"5\" data-rateit-ispreset=\"true\" data-rateit-readonly=\"true\"><\/span>\n\t\t\t\t\t\t\t\t<\/span>\n\t\t\t\t\t\t\t<\/article>\n\t\t\t\t\t\t<\/li>\n\t\t\t\t\t\t<li class=\"gwolle_gb_widget gwolle-gb-widget\">\n\t\t\t\t\t\t\t<article>\n\t\t\t\t\t\t\t\t<span class=\"gb-author-name\">Karl<\/span><span class=\"gb-author-date-separator\"> \/ <\/span>\n\t\t\t\t\t\t\t\t<span class=\"gb-date\">6. Juni 2023<\/span><br \/>\n\t\t\t\t\t\t\t\t<span class=\"gb-entry-content\">M\u00f6chte mich auf diesem Weg f\u00fcr Deine FREUNDSCHAFT bedanken!<\/span>\n\t\t\t\t\t\t\t\t<span class=\"gb-content-meta_Produkt\">\n\t\t\t\t\t\t\t\t\t<span class=\"gb-content-meta_Produkt-name\">Produkt: <\/span><span class=\"gb-content-meta_Produkt-content\">sonstiges<\/span>\n\t\t\t\t\t\t\t\t<\/span><br \/>\n\t\t\t\t\t\t\t\t<span class=\"gb-content-starrating\">\n\t\t\t\t\t\t\t\t\t<span class=\"rateit\" data-rateit-value=\"5\" data-rateit-ispreset=\"true\" data-rateit-readonly=\"true\"><\/span>\n\t\t\t\t\t\t\t\t<\/span>\n\t\t\t\t\t\t\t<\/article>\n\t\t\t\t\t\t<\/li>\n\t\t\t\t\t\t<li class=\"gwolle_gb_widget gwolle-gb-widget\">\n\t\t\t\t\t\t\t<article>\n\t\t\t\t\t\t\t\t<span class=\"gb-author-name\">Franz Josef Gschnitzer<\/span><span class=\"gb-author-date-separator\"> \/ <\/span>\n\t\t\t\t\t\t\t\t<span class=\"gb-date\">12. April 2023<\/span><br \/>\n\t\t\t\t\t\t\t\t<span class=\"gb-entry-content\">Vielen Dank Wolfgang, da\u00df wir lernen und bei dieser super b\u00e4rigen internationalen Community dabei sein d\u00fcrfen. Du bisch einer unserer Vorbilder ... Gr\u00fc\u00dfe Franz<\/span>\n\t\t\t\t\t\t\t\t<span class=\"gb-content-meta_Produkt\">\n\t\t\t\t\t\t\t\t\t<span class=\"gb-content-meta_Produkt-name\">Produkt: <\/span><span class=\"gb-content-meta_Produkt-content\">sonstiges<\/span>\n\t\t\t\t\t\t\t\t<\/span><br \/>\n\t\t\t\t\t\t\t\t<span class=\"gb-content-starrating\">\n\t\t\t\t\t\t\t\t\t<span class=\"rateit\" data-rateit-value=\"5\" data-rateit-ispreset=\"true\" data-rateit-readonly=\"true\"><\/span>\n\t\t\t\t\t\t\t\t<\/span>\n\t\t\t\t\t\t\t<\/article>\n\t\t\t\t\t\t<\/li>\n\t\t\t\t\t\t<li class=\"gwolle_gb_widget gwolle-gb-widget\">\n\t\t\t\t\t\t\t<article>\n\t\t\t\t\t\t\t\t<span class=\"gb-author-name\">Michael Kassin<\/span><span class=\"gb-author-date-separator\"> \/ <\/span>\n\t\t\t\t\t\t\t\t<span class=\"gb-date\">10. Januar 2023<\/span><br \/>\n\t\t\t\t\t\t\t\t<span class=\"gb-entry-content\">herzlichen Dank im Allgemeinen f\u00fcr Deinen st\u00e4ndigen Einsatz f\u00fcr unsere Gesundheit!<\/span>\n\t\t\t\t\t\t\t\t<span class=\"gb-content-meta_Produkt\">\n\t\t\t\t\t\t\t\t\t<span class=\"gb-content-meta_Produkt-name\">Produkt: <\/span><span class=\"gb-content-meta_Produkt-content\">sonstiges<\/span>\n\t\t\t\t\t\t\t\t<\/span><br \/>\n\t\t\t\t\t\t\t\t<span class=\"gb-content-starrating\">\n\t\t\t\t\t\t\t\t\t<span class=\"rateit\" data-rateit-value=\"5\" data-rateit-ispreset=\"true\" data-rateit-readonly=\"true\"><\/span>\n\t\t\t\t\t\t\t\t<\/span>\n\t\t\t\t\t\t\t<\/article>\n\t\t\t\t\t\t<\/li>\n\t\t\t\t\t<\/ul>\n\t\t\t\t<\/div>\n\t\t\t\t\t\t\t\t<\/div>\n\t\t\t\t<\/div>\n\t\t\t\t\t<\/div>\n\t\t<\/div>\n\t\t\t\t\t<\/div>\n\t\t<\/section>\n\t\t\t\t\t<\/div>\n\t\t<\/div>\n\t\t\t\t\t<\/div>\n\t\t<\/section>\n\t\t\t\t<\/div>\n\t\t","protected":false},"excerpt":{"rendered":"<p>G\u00e4stebuch neuen Eintrag in meinem G\u00e4stebuch erzeugen<\/p>\n","protected":false},"author":1,"featured_media":605,"parent":0,"menu_order":0,"comment_status":"open","ping_status":"closed","template":"elementor_header_footer","meta":{"footnotes":""},"class_list":["post-2252","page","type-page","status-publish","has-post-thumbnail","hentry"],"_links":{"self":[{"href":"https:\/\/www.lifestyle-by-wolfgang.at\/WP\/wp-json\/wp\/v2\/pages\/2252","targetHints":{"allow":["GET"]}}],"collection":[{"href":"https:\/\/www.lifestyle-by-wolfgang.at\/WP\/wp-json\/wp\/v2\/pages"}],"about":[{"href":"https:\/\/www.lifestyle-by-wolfgang.at\/WP\/wp-json\/wp\/v2\/types\/page"}],"author":[{"embeddable":true,"href":"https:\/\/www.lifestyle-by-wolfgang.at\/WP\/wp-json\/wp\/v2\/users\/1"}],"replies":[{"embeddable":true,"href":"https:\/\/www.lifestyle-by-wolfgang.at\/WP\/wp-json\/wp\/v2\/comments?post=2252"}],"version-history":[{"count":31,"href":"https:\/\/www.lifestyle-by-wolfgang.at\/WP\/wp-json\/wp\/v2\/pages\/2252\/revisions"}],"predecessor-version":[{"id":2339,"href":"https:\/\/www.lifestyle-by-wolfgang.at\/WP\/wp-json\/wp\/v2\/pages\/2252\/revisions\/2339"}],"wp:featuredmedia":[{"embeddable":true,"href":"https:\/\/www.lifestyle-by-wolfgang.at\/WP\/wp-json\/wp\/v2\/media\/605"}],"wp:attachment":[{"href":"https:\/\/www.lifestyle-by-wolfgang.at\/WP\/wp-json\/wp\/v2\/media?parent=2252"}],"curies":[{"name":"wp","href":"https:\/\/api.w.org\/{rel}","templated":true}]}}