{"id":2491,"date":"2023-01-10T10:25:44","date_gmt":"2023-01-10T09:25:44","guid":{"rendered":"https:\/\/www.lifestyle-by-wolfgang.at\/WP\/amway\/produktinformationen-2\/"},"modified":"2024-08-24T21:45:26","modified_gmt":"2024-08-24T19:45:26","slug":"ernaehrungsprogramme","status":"publish","type":"page","link":"https:\/\/www.lifestyle-by-wolfgang.at\/WP\/amway\/ernaehrungsprogramme\/","title":{"rendered":"3 Ern\u00e4hrungsprogramme"},"content":{"rendered":"\t\t<div data-elementor-type=\"wp-page\" data-elementor-id=\"2491\" class=\"elementor elementor-2491\" data-elementor-post-type=\"page\">\n\t\t\t\t\t\t<section class=\"elementor-section elementor-top-section elementor-element elementor-element-ed4d077 elementor-section-boxed elementor-section-height-default elementor-section-height-default\" data-id=\"ed4d077\" data-element_type=\"section\" data-settings=\"{&quot;background_background&quot;:&quot;slideshow&quot;,&quot;background_slideshow_gallery&quot;:[{&quot;id&quot;:605,&quot;url&quot;:&quot;https:\\\/\\\/www.lifestyle-by-wolfgang.at\\\/WP\\\/wp-content\\\/uploads\\\/2022\\\/02\\\/trees-g36a828cf5_1920.jpg&quot;}],&quot;background_slideshow_loop&quot;:&quot;yes&quot;,&quot;background_slideshow_slide_duration&quot;:5000,&quot;background_slideshow_slide_transition&quot;:&quot;fade&quot;,&quot;background_slideshow_transition_duration&quot;:500}\">\n\t\t\t\t\t\t\t<div class=\"elementor-background-overlay\"><\/div>\n\t\t\t\t\t\t\t<div class=\"elementor-container elementor-column-gap-default\">\n\t\t\t\t\t<div class=\"elementor-column elementor-col-100 elementor-top-column elementor-element elementor-element-6081855\" data-id=\"6081855\" data-element_type=\"column\">\n\t\t\t<div class=\"elementor-widget-wrap elementor-element-populated\">\n\t\t\t\t\t\t<div class=\"elementor-element elementor-element-094a73c elementor-cta--layout-image-above elementor-cta--valign-middle elementor-cta--skin-classic elementor-animated-content elementor-bg-transform elementor-bg-transform-zoom-in elementor-widget elementor-widget-call-to-action\" data-id=\"094a73c\" data-element_type=\"widget\" data-widget_type=\"call-to-action.default\">\n\t\t\t\t<div class=\"elementor-widget-container\">\n\t\t\t\t\t\t\t<a class=\"elementor-cta\" href=\"https:\/\/youtu.be\/az54XDbBUpc\">\n\t\t\t\t\t<div class=\"elementor-cta__bg-wrapper\">\n\t\t\t\t<div class=\"elementor-cta__bg elementor-bg\" style=\"background-image: url(https:\/\/www.lifestyle-by-wolfgang.at\/WP\/wp-content\/uploads\/2023\/01\/myBodyID.jpg);\" role=\"img\" aria-label=\"myBodyID\"><\/div>\n\t\t\t\t<div class=\"elementor-cta__bg-overlay\"><\/div>\n\t\t\t<\/div>\n\t\t\t\t\t\t\t<div class=\"elementor-cta__content\">\n\t\t\t\t\n\t\t\t\t\t\t\t\t\t<h2 class=\"elementor-cta__title elementor-cta__content-item elementor-content-item\">\n\t\t\t\t\t\tDrei Ern\u00e4hrungsprogramme im Vergleich\t\t\t\t\t<\/h2>\n\t\t\t\t\n\t\t\t\t\t\t\t\t\t<div class=\"elementor-cta__description elementor-cta__content-item elementor-content-item\">\n\t\t\t\t\t\t<strong>Energie, MyBODY.ID, Body Cleansing<\/strong><br>\n\nAmway bietet drei Ern\u00e4hrungsprogramme, die alle auf Gesundheit und Lifestyle ausgerichtet sind.<br>\nDiese Programme unterst\u00fctzen die individuellen Bed\u00fcrfnisse, indem sie auf die F\u00f6rderung der allgemeinen Gesundheit, des Wohlbefindens und eines aktiven Lebensstils abzielen. Sie helfen dabei, das Immunsystem zu st\u00e4rken, die k\u00f6rperliche und geistige Leistungsf\u00e4higkeit zu verbessern und das Risiko von Krankheiten zu verringern.\n\n<br><strong>Warum auf die Ern\u00e4hrung achten?<\/strong><br>\n\nEine gesunde Ern\u00e4hrung ist entscheidend, weil sie dem K\u00f6rper die notwendigen N\u00e4hrstoffe liefert, um optimal zu funktionieren. Sie tr\u00e4gt zur Erhaltung eines gesunden Gewichts, zur Unterst\u00fctzung des Immunsystems und zur Vorbeugung von chronischen Krankheiten bei. Dar\u00fcber hinaus kann eine ausgewogene Ern\u00e4hrung die Energie und Konzentration verbessern, was wiederum zu einem besseren Lebensgef\u00fchl f\u00fchrt. Indem man auf seine Ern\u00e4hrung achtet, legt man den Grundstein f\u00fcr ein langes und gesundes Leben.\t\t\t\t\t<\/div>\n\t\t\t\t\n\t\t\t\t\t\t\t\t\t<div class=\"elementor-cta__button-wrapper elementor-cta__content-item elementor-content-item \">\n\t\t\t\t\t<span class=\"elementor-cta__button elementor-button elementor-size-md\">\n\t\t\t\t\t\thier geht's zum Video\t\t\t\t\t<\/span>\n\t\t\t\t\t<\/div>\n\t\t\t\t\t\t\t<\/div>\n\t\t\t\t\t\t<\/a>\n\t\t\t\t\t\t<\/div>\n\t\t\t\t<\/div>\n\t\t\t\t\t<\/div>\n\t\t<\/div>\n\t\t\t\t\t<\/div>\n\t\t<\/section>\n\t\t\t\t<\/div>\n\t\t","protected":false},"excerpt":{"rendered":"<p>Drei Ern\u00e4hrungsprogramme im Vergleich Energie, MyBODY.ID, Body Cleansing Amway bietet drei Ern\u00e4hrungsprogramme, die alle auf Gesundheit und Lifestyle ausgerichtet sind. Diese Programme unterst\u00fctzen die individuellen Bed\u00fcrfnisse, indem sie auf die F\u00f6rderung der allgemeinen Gesundheit, des Wohlbefindens und eines aktiven Lebensstils abzielen. Sie helfen dabei, das Immunsystem zu st\u00e4rken, die k\u00f6rperliche und geistige Leistungsf\u00e4higkeit zu verbessern [&hellip;]<\/p>\n","protected":false},"author":1,"featured_media":0,"parent":731,"menu_order":0,"comment_status":"closed","ping_status":"closed","template":"page-templates\/pagebuilder.php","meta":{"footnotes":""},"class_list":["post-2491","page","type-page","status-publish","hentry"],"_links":{"self":[{"href":"https:\/\/www.lifestyle-by-wolfgang.at\/WP\/wp-json\/wp\/v2\/pages\/2491","targetHints":{"allow":["GET"]}}],"collection":[{"href":"https:\/\/www.lifestyle-by-wolfgang.at\/WP\/wp-json\/wp\/v2\/pages"}],"about":[{"href":"https:\/\/www.lifestyle-by-wolfgang.at\/WP\/wp-json\/wp\/v2\/types\/page"}],"author":[{"embeddable":true,"href":"https:\/\/www.lifestyle-by-wolfgang.at\/WP\/wp-json\/wp\/v2\/users\/1"}],"replies":[{"embeddable":true,"href":"https:\/\/www.lifestyle-by-wolfgang.at\/WP\/wp-json\/wp\/v2\/comments?post=2491"}],"version-history":[{"count":81,"href":"https:\/\/www.lifestyle-by-wolfgang.at\/WP\/wp-json\/wp\/v2\/pages\/2491\/revisions"}],"predecessor-version":[{"id":4781,"href":"https:\/\/www.lifestyle-by-wolfgang.at\/WP\/wp-json\/wp\/v2\/pages\/2491\/revisions\/4781"}],"up":[{"embeddable":true,"href":"https:\/\/www.lifestyle-by-wolfgang.at\/WP\/wp-json\/wp\/v2\/pages\/731"}],"wp:attachment":[{"href":"https:\/\/www.lifestyle-by-wolfgang.at\/WP\/wp-json\/wp\/v2\/media?parent=2491"}],"curies":[{"name":"wp","href":"https:\/\/api.w.org\/{rel}","templated":true}]}}