{"id":2698,"date":"2023-01-10T10:25:44","date_gmt":"2023-01-10T09:25:44","guid":{"rendered":"https:\/\/www.lifestyle-by-wolfgang.at\/WP\/amway\/erfolg-haben-2\/"},"modified":"2024-10-04T10:02:12","modified_gmt":"2024-10-04T08:02:12","slug":"erfahrungsberichte","status":"publish","type":"page","link":"https:\/\/www.lifestyle-by-wolfgang.at\/WP\/erfahrungsberichte\/","title":{"rendered":"Erfahrungsberichte"},"content":{"rendered":"\t\t<div data-elementor-type=\"wp-page\" data-elementor-id=\"2698\" class=\"elementor elementor-2698\" data-elementor-post-type=\"page\">\n\t\t\t\t\t\t<section class=\"elementor-section elementor-top-section elementor-element elementor-element-ed4d077 elementor-section-boxed elementor-section-height-default elementor-section-height-default\" data-id=\"ed4d077\" data-element_type=\"section\" data-settings=\"{&quot;background_background&quot;:&quot;slideshow&quot;,&quot;background_slideshow_gallery&quot;:[{&quot;id&quot;:605,&quot;url&quot;:&quot;https:\\\/\\\/www.lifestyle-by-wolfgang.at\\\/WP\\\/wp-content\\\/uploads\\\/2022\\\/02\\\/trees-g36a828cf5_1920.jpg&quot;}],&quot;background_slideshow_loop&quot;:&quot;yes&quot;,&quot;background_slideshow_slide_duration&quot;:5000,&quot;background_slideshow_slide_transition&quot;:&quot;fade&quot;,&quot;background_slideshow_transition_duration&quot;:500}\">\n\t\t\t\t\t\t\t<div class=\"elementor-background-overlay\"><\/div>\n\t\t\t\t\t\t\t<div class=\"elementor-container elementor-column-gap-default\">\n\t\t\t\t\t<div class=\"elementor-column elementor-col-100 elementor-top-column elementor-element elementor-element-6081855\" data-id=\"6081855\" data-element_type=\"column\">\n\t\t\t<div class=\"elementor-widget-wrap elementor-element-populated\">\n\t\t\t\t\t\t<section class=\"elementor-section elementor-inner-section elementor-element elementor-element-f5c5cdd elementor-section-boxed elementor-section-height-default elementor-section-height-default\" data-id=\"f5c5cdd\" data-element_type=\"section\">\n\t\t\t\t\t\t<div class=\"elementor-container elementor-column-gap-default\">\n\t\t\t\t\t<div class=\"elementor-column elementor-col-100 elementor-inner-column elementor-element elementor-element-229d1f1\" data-id=\"229d1f1\" data-element_type=\"column\">\n\t\t\t<div class=\"elementor-widget-wrap elementor-element-populated\">\n\t\t\t\t\t\t<div class=\"elementor-element elementor-element-9bad0bb elementor-widget elementor-widget-heading\" data-id=\"9bad0bb\" data-element_type=\"widget\" data-widget_type=\"heading.default\">\n\t\t\t\t<div class=\"elementor-widget-container\">\n\t\t\t\t\t<h1 class=\"elementor-heading-title elementor-size-default\">Warum nicht \u00fcber Erfolge auch berichten?<\/h1>\t\t\t\t<\/div>\n\t\t\t\t<\/div>\n\t\t\t\t<div class=\"elementor-element elementor-element-35cf703 elementor-widget elementor-widget-text-editor\" data-id=\"35cf703\" data-element_type=\"widget\" data-widget_type=\"text-editor.default\">\n\t\t\t\t<div class=\"elementor-widget-container\">\n\t\t\t\t\t\t\t\t\t<p><em>&#8222;Was nutzen die besten Erfahrungen, wenn niemand davon erf\u00e4hrt?&#8220;<br \/><\/em>Diesen Leitsatz habe ich diesem Bereich meiner Homepage gewidmet. Ich m\u00f6chte Erfahrungen von Personen in meiner Community, mit denen ich schon lange zusammenarbeite und deren Weg ich schon lange begleite, teilen; freiwillig und immer mit Zustimmung des Menschen, der mir und somit auch euch diesen Bericht zur Verf\u00fcgung stellt.<br \/>Immer wieder einmal reinschauen, ist kommen laufend neue Berichte dazu, vielleicht ist ja auch f\u00fcr DICH der passende Hinweis dabei, der DIR in Deinem Leben noch gefehlt hat.<\/p>\t\t\t\t\t\t\t\t<\/div>\n\t\t\t\t<\/div>\n\t\t\t\t\t<\/div>\n\t\t<\/div>\n\t\t\t\t\t<\/div>\n\t\t<\/section>\n\t\t\t\t<section class=\"elementor-section elementor-inner-section elementor-element elementor-element-57f3829 elementor-section-boxed elementor-section-height-default elementor-section-height-default\" data-id=\"57f3829\" data-element_type=\"section\">\n\t\t\t\t\t\t<div class=\"elementor-container elementor-column-gap-default\">\n\t\t\t\t\t<div class=\"elementor-column elementor-col-50 elementor-inner-column elementor-element elementor-element-b3cd9ff\" data-id=\"b3cd9ff\" data-element_type=\"column\">\n\t\t\t<div class=\"elementor-widget-wrap elementor-element-populated\">\n\t\t\t\t\t\t<div class=\"elementor-element elementor-element-d9cba4f elementor-cta--layout-image-above elementor-cta--valign-top elementor-cta--skin-classic elementor-animated-content elementor-bg-transform elementor-bg-transform-zoom-in elementor-widget elementor-widget-call-to-action\" data-id=\"d9cba4f\" data-element_type=\"widget\" data-widget_type=\"call-to-action.default\">\n\t\t\t\t<div class=\"elementor-widget-container\">\n\t\t\t\t\t\t\t<a class=\"elementor-cta\" href=\"https:\/\/youtu.be\/3SCD66BmMGI\" target=\"_blank\">\n\t\t\t\t\t<div class=\"elementor-cta__bg-wrapper\">\n\t\t\t\t<div class=\"elementor-cta__bg elementor-bg\" style=\"background-image: url(https:\/\/www.lifestyle-by-wolfgang.at\/WP\/wp-content\/uploads\/2023\/05\/Feedback-1024x341.jpg);\" role=\"img\" aria-label=\"Feedback\"><\/div>\n\t\t\t\t<div class=\"elementor-cta__bg-overlay\"><\/div>\n\t\t\t<\/div>\n\t\t\t\t\t\t\t<div class=\"elementor-cta__content\">\n\t\t\t\t\n\t\t\t\t\t\t\t\t\t<h2 class=\"elementor-cta__title elementor-cta__content-item elementor-content-item\">\n\t\t\t\t\t\tFrauengesundheit und Menstruationsbeschwerden\t\t\t\t\t<\/h2>\n\t\t\t\t\n\t\t\t\t\t\t\t\t\t<div class=\"elementor-cta__description elementor-cta__content-item elementor-content-item\">\n\t\t\t\t\t\tDer erste Erfahrungsbericht kommt von einer jungen Dame aus S\u00fcdtirol, die viele, viele Jahre unter erheblichen Menstruationsbeschwerden gelitten hat.\nSie hat sich die Zeit genommen und hat zu diesem, doch immer noch sehr tabuisiertem Thema, einen Erfahrungsbericht gesendet.\n<br>\n<br>\nVerwendete Produkte: Omega 3 Komplex, B-Vitamine, All Plant Protein\t\t\t\t\t<\/div>\n\t\t\t\t\n\t\t\t\t\t\t\t\t\t<div class=\"elementor-cta__button-wrapper elementor-cta__content-item elementor-content-item \">\n\t\t\t\t\t<span class=\"elementor-cta__button elementor-button elementor-size-\">\n\t\t\t\t\t\tVideo starten\t\t\t\t\t<\/span>\n\t\t\t\t\t<\/div>\n\t\t\t\t\t\t\t<\/div>\n\t\t\t\t\t\t<\/a>\n\t\t\t\t\t\t<\/div>\n\t\t\t\t<\/div>\n\t\t\t\t\t<\/div>\n\t\t<\/div>\n\t\t\t\t<div class=\"elementor-column elementor-col-50 elementor-inner-column elementor-element elementor-element-71f69ef\" data-id=\"71f69ef\" data-element_type=\"column\">\n\t\t\t<div class=\"elementor-widget-wrap elementor-element-populated\">\n\t\t\t\t\t\t<div class=\"elementor-element elementor-element-4230e7b elementor-cta--layout-image-above elementor-cta--valign-top elementor-cta--skin-classic elementor-animated-content elementor-bg-transform elementor-bg-transform-zoom-in elementor-widget elementor-widget-call-to-action\" data-id=\"4230e7b\" data-element_type=\"widget\" data-widget_type=\"call-to-action.default\">\n\t\t\t\t<div class=\"elementor-widget-container\">\n\t\t\t\t\t\t\t<a class=\"elementor-cta\" href=\"https:\/\/youtu.be\/t46pwT5ebHE\" target=\"_blank\">\n\t\t\t\t\t<div class=\"elementor-cta__bg-wrapper\">\n\t\t\t\t<div class=\"elementor-cta__bg elementor-bg\" style=\"background-image: url(https:\/\/www.lifestyle-by-wolfgang.at\/WP\/wp-content\/uploads\/2023\/05\/Feedback-1024x341.jpg);\" role=\"img\" aria-label=\"Feedback\"><\/div>\n\t\t\t\t<div class=\"elementor-cta__bg-overlay\"><\/div>\n\t\t\t<\/div>\n\t\t\t\t\t\t\t<div class=\"elementor-cta__content\">\n\t\t\t\t\n\t\t\t\t\t\t\t\t\t<h2 class=\"elementor-cta__title elementor-cta__content-item elementor-content-item\">\n\t\t\t\t\t\tAsthma\t\t\t\t\t<\/h2>\n\t\t\t\t\n\t\t\t\t\t\t\t\t\t<div class=\"elementor-cta__description elementor-cta__content-item elementor-content-item\">\n\t\t\t\t\t\tNat\u00fcrlich habe auch ich meine Geschichte und die m\u00f6chte ich euch in einem kurzen Video n\u00e4her bringen; mein Thema ist <strong>Asthma<\/strong>, mit dem ich jahrelang gek\u00e4mpft habe und das jahrelang mein Leben beeintr\u00e4chtig hat.<br>\nRichtig, beeintr\u00e4chtigt \"HAT\", aber dazu mehr im Video!\n<br>\n<br>\nVerwendete Produkte: myBODY.ID, BalanceWithin\t\t\t\t\t<\/div>\n\t\t\t\t\n\t\t\t\t\t\t\t\t\t<div class=\"elementor-cta__button-wrapper elementor-cta__content-item elementor-content-item \">\n\t\t\t\t\t<span class=\"elementor-cta__button elementor-button elementor-size-\">\n\t\t\t\t\t\tVideo starten\t\t\t\t\t<\/span>\n\t\t\t\t\t<\/div>\n\t\t\t\t\t\t\t<\/div>\n\t\t\t\t\t\t<\/a>\n\t\t\t\t\t\t<\/div>\n\t\t\t\t<\/div>\n\t\t\t\t\t<\/div>\n\t\t<\/div>\n\t\t\t\t\t<\/div>\n\t\t<\/section>\n\t\t\t\t<section class=\"elementor-section elementor-inner-section elementor-element elementor-element-c20b180 elementor-section-boxed elementor-section-height-default elementor-section-height-default\" data-id=\"c20b180\" data-element_type=\"section\">\n\t\t\t\t\t\t<div class=\"elementor-container elementor-column-gap-default\">\n\t\t\t\t\t<div class=\"elementor-column elementor-col-50 elementor-inner-column elementor-element elementor-element-5a1ac8f\" data-id=\"5a1ac8f\" data-element_type=\"column\">\n\t\t\t<div class=\"elementor-widget-wrap elementor-element-populated\">\n\t\t\t\t\t\t<div class=\"elementor-element elementor-element-5e6f504 elementor-cta--layout-image-above elementor-cta--valign-top elementor-cta--skin-classic elementor-animated-content elementor-bg-transform elementor-bg-transform-zoom-in elementor-widget elementor-widget-call-to-action\" data-id=\"5e6f504\" data-element_type=\"widget\" data-widget_type=\"call-to-action.default\">\n\t\t\t\t<div class=\"elementor-widget-container\">\n\t\t\t\t\t\t\t<a class=\"elementor-cta\" href=\"https:\/\/youtu.be\/FH47cfLKQ4k\" target=\"_blank\">\n\t\t\t\t\t<div class=\"elementor-cta__bg-wrapper\">\n\t\t\t\t<div class=\"elementor-cta__bg elementor-bg\" style=\"background-image: url(https:\/\/www.lifestyle-by-wolfgang.at\/WP\/wp-content\/uploads\/2023\/05\/Feedback-1024x341.jpg);\" role=\"img\" aria-label=\"Feedback\"><\/div>\n\t\t\t\t<div class=\"elementor-cta__bg-overlay\"><\/div>\n\t\t\t<\/div>\n\t\t\t\t\t\t\t<div class=\"elementor-cta__content\">\n\t\t\t\t\n\t\t\t\t\t\t\t\t\t<h2 class=\"elementor-cta__title elementor-cta__content-item elementor-content-item\">\n\t\t\t\t\t\tGewichtsreduktion\t\t\t\t\t<\/h2>\n\t\t\t\t\n\t\t\t\t\t\t\t\t\t<div class=\"elementor-cta__description elementor-cta__content-item elementor-content-item\">\n\t\t\t\t\t\tReinhart l\u00e4sst uns an seinem Erfolg teilhaben, erfolgreich <strong>25kg<\/strong> von seinem K\u00f6rpergewicht reduziert zu haben, Gratulation Reinhart!\n<br>\n<br>\nVerwendete Produkte: Balance Within\t\t\t\t\t<\/div>\n\t\t\t\t\n\t\t\t\t\t\t\t\t\t<div class=\"elementor-cta__button-wrapper elementor-cta__content-item elementor-content-item \">\n\t\t\t\t\t<span class=\"elementor-cta__button elementor-button elementor-size-\">\n\t\t\t\t\t\tVideo starten\t\t\t\t\t<\/span>\n\t\t\t\t\t<\/div>\n\t\t\t\t\t\t\t<\/div>\n\t\t\t\t\t\t<\/a>\n\t\t\t\t\t\t<\/div>\n\t\t\t\t<\/div>\n\t\t\t\t\t<\/div>\n\t\t<\/div>\n\t\t\t\t<div class=\"elementor-column elementor-col-50 elementor-inner-column elementor-element elementor-element-9d7be10\" data-id=\"9d7be10\" data-element_type=\"column\">\n\t\t\t<div class=\"elementor-widget-wrap elementor-element-populated\">\n\t\t\t\t\t\t<div class=\"elementor-element elementor-element-9911203 elementor-cta--layout-image-above elementor-cta--valign-top elementor-cta--skin-classic elementor-animated-content elementor-bg-transform elementor-bg-transform-zoom-in elementor-widget elementor-widget-call-to-action\" data-id=\"9911203\" data-element_type=\"widget\" data-widget_type=\"call-to-action.default\">\n\t\t\t\t<div class=\"elementor-widget-container\">\n\t\t\t\t\t\t\t<a class=\"elementor-cta\" href=\"https:\/\/youtu.be\/DZ0rPEPvkGo\" target=\"_blank\">\n\t\t\t\t\t<div class=\"elementor-cta__bg-wrapper\">\n\t\t\t\t<div class=\"elementor-cta__bg elementor-bg\" style=\"background-image: url(https:\/\/www.lifestyle-by-wolfgang.at\/WP\/wp-content\/uploads\/2023\/05\/Feedback-1024x341.jpg);\" role=\"img\" aria-label=\"Feedback\"><\/div>\n\t\t\t\t<div class=\"elementor-cta__bg-overlay\"><\/div>\n\t\t\t<\/div>\n\t\t\t\t\t\t\t<div class=\"elementor-cta__content\">\n\t\t\t\t\n\t\t\t\t\t\t\t\t\t<h2 class=\"elementor-cta__title elementor-cta__content-item elementor-content-item\">\n\t\t\t\t\t\tGewichtsreduktion und Selbstwertgef\u00fchl\t\t\t\t\t<\/h2>\n\t\t\t\t\n\t\t\t\t\t\t\t\t\t<div class=\"elementor-cta__description elementor-cta__content-item elementor-content-item\">\n\t\t\t\t\t\tHier ein Erfahrungsbericht in Videoform, der mir immer noch G\u00e4nsehaut bereitet, obwohl ich Thomas schon seit vielen Jahren kenne und auf <strong>seinem<\/strong> Weg begleitet habe.\nEr berichtet \u00fcber seine Gewichtsreduktion von mittlerweile 95kg, einfach unglaublich!\nAber schaut es euch selbst an, macht euch selbst eure Gedanken dazu.\n<br>\n<br>\nVerwendete Produkte: myBODY.ID, Vitamine\t\t\t\t\t<\/div>\n\t\t\t\t\n\t\t\t\t\t\t\t\t\t<div class=\"elementor-cta__button-wrapper elementor-cta__content-item elementor-content-item \">\n\t\t\t\t\t<span class=\"elementor-cta__button elementor-button elementor-size-\">\n\t\t\t\t\t\tVideo starten\t\t\t\t\t<\/span>\n\t\t\t\t\t<\/div>\n\t\t\t\t\t\t\t<\/div>\n\t\t\t\t\t\t<\/a>\n\t\t\t\t\t\t<\/div>\n\t\t\t\t<\/div>\n\t\t\t\t\t<\/div>\n\t\t<\/div>\n\t\t\t\t\t<\/div>\n\t\t<\/section>\n\t\t\t\t<section class=\"elementor-section elementor-inner-section elementor-element elementor-element-9a4cc34 elementor-section-boxed elementor-section-height-default elementor-section-height-default\" data-id=\"9a4cc34\" data-element_type=\"section\">\n\t\t\t\t\t\t<div class=\"elementor-container elementor-column-gap-default\">\n\t\t\t\t\t<div class=\"elementor-column elementor-col-50 elementor-inner-column elementor-element elementor-element-7ad7bc6\" data-id=\"7ad7bc6\" data-element_type=\"column\">\n\t\t\t<div class=\"elementor-widget-wrap elementor-element-populated\">\n\t\t\t\t\t\t<div class=\"elementor-element elementor-element-875ea8c elementor-cta--layout-image-above elementor-cta--valign-top elementor-cta--skin-classic elementor-animated-content elementor-bg-transform elementor-bg-transform-zoom-in elementor-widget elementor-widget-call-to-action\" data-id=\"875ea8c\" data-element_type=\"widget\" data-widget_type=\"call-to-action.default\">\n\t\t\t\t<div class=\"elementor-widget-container\">\n\t\t\t\t\t\t\t<a class=\"elementor-cta\" href=\"https:\/\/youtu.be\/85Ol0T9Ibrw\" target=\"_blank\">\n\t\t\t\t\t<div class=\"elementor-cta__bg-wrapper\">\n\t\t\t\t<div class=\"elementor-cta__bg elementor-bg\" style=\"background-image: url(https:\/\/www.lifestyle-by-wolfgang.at\/WP\/wp-content\/uploads\/2023\/05\/Feedback-1024x341.jpg);\" role=\"img\" aria-label=\"Feedback\"><\/div>\n\t\t\t\t<div class=\"elementor-cta__bg-overlay\"><\/div>\n\t\t\t<\/div>\n\t\t\t\t\t\t\t<div class=\"elementor-cta__content\">\n\t\t\t\t\n\t\t\t\t\t\t\t\t\t<h2 class=\"elementor-cta__title elementor-cta__content-item elementor-content-item\">\n\t\t\t\t\t\tZ\u00f6liakie\t\t\t\t\t<\/h2>\n\t\t\t\t\n\t\t\t\t\t\t\t\t\t<div class=\"elementor-cta__description elementor-cta__content-item elementor-content-item\">\n\t\t\t\t\t\tMaria Luise berichtet \u00fcber ihr Leben mit st\u00e4ndigem Durchfall und qu\u00e4lenden Darm- und Verdauungsproblemen, einer Gewichtsreduktion bis unter <strong>40 kg<\/strong> und der schlussendlichen Diagnose <b>\"Z\u00f6liakie\".<\/b><br>\nAber Sie berichtet auch, wie Sie mit Hilfe von Ern\u00e4hrungsumstellung, den \"richtigen\" Tipps und Ratschl\u00e4gen und den idealen Produkten wieder zu einem selbst bestimmten und selbst\u00e4ndigen Leben zur\u00fcckgefunden und <b>\"ihren Weg\"<\/b> gefunden hat.\n<br>\nMaria Luise, ich bin sehr stolz auf Dich!\n<br>\n<br>\nVerwendete Produkte: Balance Within, All Plant Protein, Fibre Powder, Flohsamenschalen\t\t\t\t\t<\/div>\n\t\t\t\t\n\t\t\t\t\t\t\t\t\t<div class=\"elementor-cta__button-wrapper elementor-cta__content-item elementor-content-item \">\n\t\t\t\t\t<span class=\"elementor-cta__button elementor-button elementor-size-\">\n\t\t\t\t\t\tVideo starten\t\t\t\t\t<\/span>\n\t\t\t\t\t<\/div>\n\t\t\t\t\t\t\t<\/div>\n\t\t\t\t\t\t<\/a>\n\t\t\t\t\t\t<\/div>\n\t\t\t\t<\/div>\n\t\t\t\t\t<\/div>\n\t\t<\/div>\n\t\t\t\t<div class=\"elementor-column elementor-col-50 elementor-inner-column elementor-element elementor-element-f6225c4\" data-id=\"f6225c4\" data-element_type=\"column\">\n\t\t\t<div class=\"elementor-widget-wrap elementor-element-populated\">\n\t\t\t\t\t\t<div class=\"elementor-element elementor-element-dc6a06f elementor-cta--layout-image-above elementor-cta--valign-top elementor-cta--skin-classic elementor-animated-content elementor-bg-transform elementor-bg-transform-zoom-in elementor-widget elementor-widget-call-to-action\" data-id=\"dc6a06f\" data-element_type=\"widget\" data-widget_type=\"call-to-action.default\">\n\t\t\t\t<div class=\"elementor-widget-container\">\n\t\t\t\t\t\t\t<a class=\"elementor-cta\" href=\"https:\/\/youtu.be\/hmG-ueKre7c\" target=\"_blank\">\n\t\t\t\t\t<div class=\"elementor-cta__bg-wrapper\">\n\t\t\t\t<div class=\"elementor-cta__bg elementor-bg\" style=\"background-image: url(https:\/\/www.lifestyle-by-wolfgang.at\/WP\/wp-content\/uploads\/2023\/05\/Feedback-1024x341.jpg);\" role=\"img\" aria-label=\"Feedback\"><\/div>\n\t\t\t\t<div class=\"elementor-cta__bg-overlay\"><\/div>\n\t\t\t<\/div>\n\t\t\t\t\t\t\t<div class=\"elementor-cta__content\">\n\t\t\t\t\n\t\t\t\t\t\t\t\t\t<h2 class=\"elementor-cta__title elementor-cta__content-item elementor-content-item\">\n\t\t\t\t\t\tEndometriose\t\t\t\t\t<\/h2>\n\t\t\t\t\n\t\t\t\t\t\t\t\t\t<div class=\"elementor-cta__description elementor-cta__content-item elementor-content-item\">\n\t\t\t\t\t\tDieses Mal nimmt uns Sabrina aus S\u00fcdtirol mit auf ihren langen Leidensweg mit der Diagnose<br><strong>\"Endometriose\"<br><\/strong>\n\nBl\u00e4hungen, Verstopfung und massive Beschwerden vor, nach und w\u00e4hrend der Menstruation pr\u00e4gten jahrelang ihren Alltag.\n\nErst ein Treffen, ein langes Gespr\u00e4ch und die richtigen Vitamine und Produkten brachten ein ganz neues Gef\u00fchl in Gang:<br><strong>\"ich muss auf's Klo\"<\/strong><br>\n\nUnd seither geht es bergauf, die Energie und die Kraft sind zur\u00fcckgekommen und der Alltag ist um vieles leichter!\n<br>\n<br>\nVerwendete Produkte: Balance Within, Fibre Powder, Mariendiestel, Double X, Omega 3 und MyBODY.ID als gentechnisch abgestimmtes Ern\u00e4hrungsprogramm\n<br>\n\t\t\t\t\t<\/div>\n\t\t\t\t\n\t\t\t\t\t\t\t\t\t<div class=\"elementor-cta__button-wrapper elementor-cta__content-item elementor-content-item \">\n\t\t\t\t\t<span class=\"elementor-cta__button elementor-button elementor-size-\">\n\t\t\t\t\t\tVideo starten\t\t\t\t\t<\/span>\n\t\t\t\t\t<\/div>\n\t\t\t\t\t\t\t<\/div>\n\t\t\t\t\t\t<\/a>\n\t\t\t\t\t\t<\/div>\n\t\t\t\t<\/div>\n\t\t\t\t\t<\/div>\n\t\t<\/div>\n\t\t\t\t\t<\/div>\n\t\t<\/section>\n\t\t\t\t<section class=\"elementor-section elementor-inner-section elementor-element elementor-element-201afae elementor-section-boxed elementor-section-height-default elementor-section-height-default\" data-id=\"201afae\" data-element_type=\"section\">\n\t\t\t\t\t\t<div class=\"elementor-container elementor-column-gap-default\">\n\t\t\t\t\t<div class=\"elementor-column elementor-col-50 elementor-inner-column elementor-element elementor-element-4a0762c\" data-id=\"4a0762c\" data-element_type=\"column\">\n\t\t\t<div class=\"elementor-widget-wrap elementor-element-populated\">\n\t\t\t\t\t\t<div class=\"elementor-element elementor-element-25758a9 elementor-cta--layout-image-above elementor-cta--valign-top elementor-cta--skin-classic elementor-animated-content elementor-bg-transform elementor-bg-transform-zoom-in elementor-widget elementor-widget-call-to-action\" data-id=\"25758a9\" data-element_type=\"widget\" data-widget_type=\"call-to-action.default\">\n\t\t\t\t<div class=\"elementor-widget-container\">\n\t\t\t\t\t\t\t<a class=\"elementor-cta\" href=\"https:\/\/youtu.be\/AKmdhRnGLv8\" target=\"_blank\">\n\t\t\t\t\t<div class=\"elementor-cta__bg-wrapper\">\n\t\t\t\t<div class=\"elementor-cta__bg elementor-bg\" style=\"background-image: url(https:\/\/www.lifestyle-by-wolfgang.at\/WP\/wp-content\/uploads\/2023\/05\/Feedback-1024x341.jpg);\" role=\"img\" aria-label=\"Feedback\"><\/div>\n\t\t\t\t<div class=\"elementor-cta__bg-overlay\"><\/div>\n\t\t\t<\/div>\n\t\t\t\t\t\t\t<div class=\"elementor-cta__content\">\n\t\t\t\t\n\t\t\t\t\t\t\t\t\t<h2 class=\"elementor-cta__title elementor-cta__content-item elementor-content-item\">\n\t\t\t\t\t\tGewichtsabnahme\t\t\t\t\t<\/h2>\n\t\t\t\t\n\t\t\t\t\t\t\t\t\t<div class=\"elementor-cta__description elementor-cta__content-item elementor-content-item\">\n\t\t\t\t\t\tRosi beschreibt uns ihren Weg zu einer Gewichtsabnahme von <b>25kg<\/b>\n<br>\n<strong>Bravo Rosi, h\u00f6chste Hochachtung!<\/strong>\t\t\t\t\t<\/div>\n\t\t\t\t\n\t\t\t\t\t\t\t\t\t<div class=\"elementor-cta__button-wrapper elementor-cta__content-item elementor-content-item \">\n\t\t\t\t\t<span class=\"elementor-cta__button elementor-button elementor-size-\">\n\t\t\t\t\t\tVideo starten\t\t\t\t\t<\/span>\n\t\t\t\t\t<\/div>\n\t\t\t\t\t\t\t<\/div>\n\t\t\t\t\t\t<\/a>\n\t\t\t\t\t\t<\/div>\n\t\t\t\t<\/div>\n\t\t\t\t\t<\/div>\n\t\t<\/div>\n\t\t\t\t<div class=\"elementor-column elementor-col-50 elementor-inner-column elementor-element elementor-element-a3da0d9\" data-id=\"a3da0d9\" data-element_type=\"column\">\n\t\t\t<div class=\"elementor-widget-wrap\">\n\t\t\t\t\t\t\t<\/div>\n\t\t<\/div>\n\t\t\t\t\t<\/div>\n\t\t<\/section>\n\t\t\t\t<div class=\"elementor-element elementor-element-9d2d4d8 elementor-widget elementor-widget-spacer\" data-id=\"9d2d4d8\" data-element_type=\"widget\" data-widget_type=\"spacer.default\">\n\t\t\t\t<div class=\"elementor-widget-container\">\n\t\t\t\t\t\t\t<div class=\"elementor-spacer\">\n\t\t\t<div class=\"elementor-spacer-inner\"><\/div>\n\t\t<\/div>\n\t\t\t\t\t\t<\/div>\n\t\t\t\t<\/div>\n\t\t\t\t\t<\/div>\n\t\t<\/div>\n\t\t\t\t\t<\/div>\n\t\t<\/section>\n\t\t\t\t<\/div>\n\t\t","protected":false},"excerpt":{"rendered":"<p>Warum nicht \u00fcber Erfolge auch berichten? &#8222;Was nutzen die besten Erfahrungen, wenn niemand davon erf\u00e4hrt?&#8220;Diesen Leitsatz habe ich diesem Bereich meiner Homepage gewidmet. Ich m\u00f6chte Erfahrungen von Personen in meiner Community, mit denen ich schon lange zusammenarbeite und deren Weg ich schon lange begleite, teilen; freiwillig und immer mit Zustimmung des Menschen, der mir und [&hellip;]<\/p>\n","protected":false},"author":1,"featured_media":605,"parent":0,"menu_order":0,"comment_status":"closed","ping_status":"closed","template":"page-templates\/pagebuilder.php","meta":{"footnotes":""},"class_list":["post-2698","page","type-page","status-publish","has-post-thumbnail","hentry"],"_links":{"self":[{"href":"https:\/\/www.lifestyle-by-wolfgang.at\/WP\/wp-json\/wp\/v2\/pages\/2698","targetHints":{"allow":["GET"]}}],"collection":[{"href":"https:\/\/www.lifestyle-by-wolfgang.at\/WP\/wp-json\/wp\/v2\/pages"}],"about":[{"href":"https:\/\/www.lifestyle-by-wolfgang.at\/WP\/wp-json\/wp\/v2\/types\/page"}],"author":[{"embeddable":true,"href":"https:\/\/www.lifestyle-by-wolfgang.at\/WP\/wp-json\/wp\/v2\/users\/1"}],"replies":[{"embeddable":true,"href":"https:\/\/www.lifestyle-by-wolfgang.at\/WP\/wp-json\/wp\/v2\/comments?post=2698"}],"version-history":[{"count":130,"href":"https:\/\/www.lifestyle-by-wolfgang.at\/WP\/wp-json\/wp\/v2\/pages\/2698\/revisions"}],"predecessor-version":[{"id":4865,"href":"https:\/\/www.lifestyle-by-wolfgang.at\/WP\/wp-json\/wp\/v2\/pages\/2698\/revisions\/4865"}],"wp:featuredmedia":[{"embeddable":true,"href":"https:\/\/www.lifestyle-by-wolfgang.at\/WP\/wp-json\/wp\/v2\/media\/605"}],"wp:attachment":[{"href":"https:\/\/www.lifestyle-by-wolfgang.at\/WP\/wp-json\/wp\/v2\/media?parent=2698"}],"curies":[{"name":"wp","href":"https:\/\/api.w.org\/{rel}","templated":true}]}}