{"id":4011,"date":"2024-03-16T21:22:56","date_gmt":"2024-03-16T20:22:56","guid":{"rendered":"https:\/\/www.lifestyle-by-wolfgang.at\/WP\/?page_id=4011"},"modified":"2024-03-17T14:07:11","modified_gmt":"2024-03-17T13:07:11","slug":"meine-gedanken","status":"publish","type":"page","link":"https:\/\/www.lifestyle-by-wolfgang.at\/WP\/meine-gedanken\/","title":{"rendered":"meine Gedanken"},"content":{"rendered":"\t\t<div data-elementor-type=\"wp-page\" data-elementor-id=\"4011\" class=\"elementor elementor-4011\" data-elementor-post-type=\"page\">\n\t\t\t\t<div class=\"elementor-element elementor-element-2250e10 e-con-full e-flex e-con e-parent\" data-id=\"2250e10\" data-element_type=\"container\" data-settings=\"{&quot;background_background&quot;:&quot;classic&quot;}\">\n\t\t<div class=\"elementor-element elementor-element-aa873f0 e-con-full e-flex e-con e-child\" data-id=\"aa873f0\" data-element_type=\"container\">\n\t\t\t\t<div class=\"elementor-element elementor-element-a761097 elementor-widget elementor-widget-heading\" data-id=\"a761097\" data-element_type=\"widget\" data-widget_type=\"heading.default\">\n\t\t\t\t<div class=\"elementor-widget-container\">\n\t\t\t\t\t<h2 class=\"elementor-heading-title elementor-size-default\">Meine Gedanken aus dem Wald<\/h2>\t\t\t\t<\/div>\n\t\t\t\t<\/div>\n\t\t\t\t<div class=\"elementor-element elementor-element-f093878 elementor-widget elementor-widget-text-editor\" data-id=\"f093878\" data-element_type=\"widget\" data-widget_type=\"text-editor.default\">\n\t\t\t\t<div class=\"elementor-widget-container\">\n\t\t\t\t\t\t\t\t\t<p>Jeder sollte einen Platz haben, wo er Kraft sammeln und seine Gedanken ordnen kann. Teilweise erscheinen einem dann die verschiedensten Dinge in seinem Leben klarer, greifbarer, Probleml\u00f6sungen kommen wie von selbst.<br \/>Habt ihr so einen \u201eKraftplatz\u201c, wo ihr ein paar Minuten ganz f\u00fcr euch sein k\u00f6nnt? Unsere Zeit ist so laut, so hektisch, nehmt euch ein paar Augenblicke Zeit und folgt mir zu meinem Kraftplatz, in den Wald!<\/p>\t\t\t\t\t\t\t\t<\/div>\n\t\t\t\t<\/div>\n\t\t\t\t<\/div>\n\t\t<div class=\"elementor-element elementor-element-bac6bd3 e-con-full e-flex e-con e-child\" data-id=\"bac6bd3\" data-element_type=\"container\">\n\t\t\t\t<div class=\"elementor-element elementor-element-6425397 elementor-grid-3 elementor-grid-tablet-2 elementor-grid-mobile-1 elementor-posts--thumbnail-top elementor-posts--show-avatar elementor-card-shadow-yes elementor-posts__hover-gradient elementor-widget elementor-widget-posts\" data-id=\"6425397\" data-element_type=\"widget\" data-settings=\"{&quot;pagination_type&quot;:&quot;numbers_and_prev_next&quot;,&quot;cards_columns&quot;:&quot;3&quot;,&quot;cards_columns_tablet&quot;:&quot;2&quot;,&quot;cards_columns_mobile&quot;:&quot;1&quot;,&quot;cards_row_gap&quot;:{&quot;unit&quot;:&quot;px&quot;,&quot;size&quot;:35,&quot;sizes&quot;:[]},&quot;cards_row_gap_tablet&quot;:{&quot;unit&quot;:&quot;px&quot;,&quot;size&quot;:&quot;&quot;,&quot;sizes&quot;:[]},&quot;cards_row_gap_mobile&quot;:{&quot;unit&quot;:&quot;px&quot;,&quot;size&quot;:&quot;&quot;,&quot;sizes&quot;:[]}}\" data-widget_type=\"posts.cards\">\n\t\t\t\t<div class=\"elementor-widget-container\">\n\t\t\t\t\t\t\t<div class=\"elementor-posts-container elementor-posts elementor-posts--skin-cards elementor-grid\">\n\t\t\t\t<article class=\"elementor-post elementor-grid-item post-5004 post type-post status-publish format-standard hentry category-meinegedanken tag-unser-wertvollster-besitz\">\n\t\t\t<div class=\"elementor-post__card\">\n\t\t\t\t<div class=\"elementor-post__text\">\n\t\t\t\t<h2 class=\"elementor-post__title\">\n\t\t\t<a href=\"https:\/\/www.lifestyle-by-wolfgang.at\/WP\/unser-wertvollster-besitz\/\" >\n\t\t\t\tUnser wertvollster Besitz\t\t\t<\/a>\n\t\t<\/h2>\n\t\t\t\t<div class=\"elementor-post__excerpt\">\n\t\t\t<p>Unser wertvollster Besitz<\/p>\n\t\t<\/div>\n\t\t\n\t\t<a class=\"elementor-post__read-more\" href=\"https:\/\/www.lifestyle-by-wolfgang.at\/WP\/unser-wertvollster-besitz\/\" aria-label=\"Mehr \u00fcber Unser wertvollster Besitz\" tabindex=\"-1\" >\n\t\t\tWeiterlesen \u00bb\t\t<\/a>\n\n\t\t\t\t<\/div>\n\t\t\t\t<div class=\"elementor-post__meta-data\">\n\t\t\t\t\t<span class=\"elementor-post-date\">\n\t\t\t17. Mai 2025\t\t<\/span>\n\t\t\t\t<span class=\"elementor-post-avatar\">\n\t\t\tKeine Kommentare\t\t<\/span>\n\t\t\t\t<\/div>\n\t\t\t\t\t<\/div>\n\t\t<\/article>\n\t\t\t\t<article class=\"elementor-post elementor-grid-item post-5079 post type-post status-publish format-standard hentry category-meinegedanken tag-selbstgespraeche\">\n\t\t\t<div class=\"elementor-post__card\">\n\t\t\t\t<div class=\"elementor-post__text\">\n\t\t\t\t<h2 class=\"elementor-post__title\">\n\t\t\t<a href=\"https:\/\/www.lifestyle-by-wolfgang.at\/WP\/selbstgespraeche-2\/\" >\n\t\t\t\tSelbstgespr\u00e4che\t\t\t<\/a>\n\t\t<\/h2>\n\t\t\t\t<div class=\"elementor-post__excerpt\">\n\t\t\t<p>Selbstgespr\u00e4che<\/p>\n\t\t<\/div>\n\t\t\n\t\t<a class=\"elementor-post__read-more\" href=\"https:\/\/www.lifestyle-by-wolfgang.at\/WP\/selbstgespraeche-2\/\" aria-label=\"Mehr \u00fcber Selbstgespr\u00e4che\" tabindex=\"-1\" >\n\t\t\tWeiterlesen \u00bb\t\t<\/a>\n\n\t\t\t\t<\/div>\n\t\t\t\t<div class=\"elementor-post__meta-data\">\n\t\t\t\t\t<span class=\"elementor-post-date\">\n\t\t\t15. Mai 2025\t\t<\/span>\n\t\t\t\t<span class=\"elementor-post-avatar\">\n\t\t\tKeine Kommentare\t\t<\/span>\n\t\t\t\t<\/div>\n\t\t\t\t\t<\/div>\n\t\t<\/article>\n\t\t\t\t<article class=\"elementor-post elementor-grid-item post-5074 post type-post status-publish format-standard hentry category-meinegedanken tag-die-kraft-der-natur\">\n\t\t\t<div class=\"elementor-post__card\">\n\t\t\t\t<div class=\"elementor-post__text\">\n\t\t\t\t<h2 class=\"elementor-post__title\">\n\t\t\t<a href=\"https:\/\/www.lifestyle-by-wolfgang.at\/WP\/die-kraft-der-natur-2\/\" >\n\t\t\t\tDie Kraft der Natur\t\t\t<\/a>\n\t\t<\/h2>\n\t\t\t\t<div class=\"elementor-post__excerpt\">\n\t\t\t<p>Die Kraft der Natur<\/p>\n\t\t<\/div>\n\t\t\n\t\t<a class=\"elementor-post__read-more\" href=\"https:\/\/www.lifestyle-by-wolfgang.at\/WP\/die-kraft-der-natur-2\/\" aria-label=\"Mehr \u00fcber Die Kraft der Natur\" tabindex=\"-1\" >\n\t\t\tWeiterlesen \u00bb\t\t<\/a>\n\n\t\t\t\t<\/div>\n\t\t\t\t<div class=\"elementor-post__meta-data\">\n\t\t\t\t\t<span class=\"elementor-post-date\">\n\t\t\t1. Mai 2025\t\t<\/span>\n\t\t\t\t<span class=\"elementor-post-avatar\">\n\t\t\tKeine Kommentare\t\t<\/span>\n\t\t\t\t<\/div>\n\t\t\t\t\t<\/div>\n\t\t<\/article>\n\t\t\t\t<article class=\"elementor-post elementor-grid-item post-5057 post type-post status-publish format-standard hentry category-meinegedanken tag-loslassen-und-vertrauen\">\n\t\t\t<div class=\"elementor-post__card\">\n\t\t\t\t<div class=\"elementor-post__text\">\n\t\t\t\t<h2 class=\"elementor-post__title\">\n\t\t\t<a href=\"https:\/\/www.lifestyle-by-wolfgang.at\/WP\/loslassen-und-vertrauen\/\" >\n\t\t\t\tLoslassen und Vertrauen\t\t\t<\/a>\n\t\t<\/h2>\n\t\t\t\t<div class=\"elementor-post__excerpt\">\n\t\t\t<p>Loslassen und Vertrauen<\/p>\n\t\t<\/div>\n\t\t\n\t\t<a class=\"elementor-post__read-more\" href=\"https:\/\/www.lifestyle-by-wolfgang.at\/WP\/loslassen-und-vertrauen\/\" aria-label=\"Mehr \u00fcber Loslassen und Vertrauen\" tabindex=\"-1\" >\n\t\t\tWeiterlesen \u00bb\t\t<\/a>\n\n\t\t\t\t<\/div>\n\t\t\t\t<div class=\"elementor-post__meta-data\">\n\t\t\t\t\t<span class=\"elementor-post-date\">\n\t\t\t5. April 2025\t\t<\/span>\n\t\t\t\t<span class=\"elementor-post-avatar\">\n\t\t\tKeine Kommentare\t\t<\/span>\n\t\t\t\t<\/div>\n\t\t\t\t\t<\/div>\n\t\t<\/article>\n\t\t\t\t<article class=\"elementor-post elementor-grid-item post-5062 post type-post status-publish format-standard hentry category-meinegedanken tag-freundschaft-mit-dir\">\n\t\t\t<div class=\"elementor-post__card\">\n\t\t\t\t<div class=\"elementor-post__text\">\n\t\t\t\t<h2 class=\"elementor-post__title\">\n\t\t\t<a href=\"https:\/\/www.lifestyle-by-wolfgang.at\/WP\/freundschaft-2-2\/\" >\n\t\t\t\tFreundschaft\t\t\t<\/a>\n\t\t<\/h2>\n\t\t\t\t<div class=\"elementor-post__excerpt\">\n\t\t\t<p>Freundschaft mit Dir Hast du Freude mit Dir? Freude mit deinem Aussehen, mit dem, wer Du bist? Nimmst Du dich selbst an? Sei Freund zu<\/p>\n\t\t<\/div>\n\t\t\n\t\t<a class=\"elementor-post__read-more\" href=\"https:\/\/www.lifestyle-by-wolfgang.at\/WP\/freundschaft-2-2\/\" aria-label=\"Mehr \u00fcber Freundschaft\" tabindex=\"-1\" >\n\t\t\tWeiterlesen \u00bb\t\t<\/a>\n\n\t\t\t\t<\/div>\n\t\t\t\t<div class=\"elementor-post__meta-data\">\n\t\t\t\t\t<span class=\"elementor-post-date\">\n\t\t\t22. M\u00e4rz 2025\t\t<\/span>\n\t\t\t\t<span class=\"elementor-post-avatar\">\n\t\t\tKeine Kommentare\t\t<\/span>\n\t\t\t\t<\/div>\n\t\t\t\t\t<\/div>\n\t\t<\/article>\n\t\t\t\t<article class=\"elementor-post elementor-grid-item post-5029 post type-post status-publish format-standard hentry category-meinegedanken tag-fastenzeit\">\n\t\t\t<div class=\"elementor-post__card\">\n\t\t\t\t<div class=\"elementor-post__text\">\n\t\t\t\t<h2 class=\"elementor-post__title\">\n\t\t\t<a href=\"https:\/\/www.lifestyle-by-wolfgang.at\/WP\/fastenzeit-2-2\/\" >\n\t\t\t\tFastenzeit\t\t\t<\/a>\n\t\t<\/h2>\n\t\t\t\t<div class=\"elementor-post__excerpt\">\n\t\t\t<p>Gedanken zur Fastenzeit Fastenzeit = Zeit zum Reinigen von K\u00f6rper, Geiste und Seele \u00a0 https:\/\/youtube.com\/watch?v=3DGlKRGTjjE<\/p>\n\t\t<\/div>\n\t\t\n\t\t<a class=\"elementor-post__read-more\" href=\"https:\/\/www.lifestyle-by-wolfgang.at\/WP\/fastenzeit-2-2\/\" aria-label=\"Mehr \u00fcber Fastenzeit\" tabindex=\"-1\" >\n\t\t\tWeiterlesen \u00bb\t\t<\/a>\n\n\t\t\t\t<\/div>\n\t\t\t\t<div class=\"elementor-post__meta-data\">\n\t\t\t\t\t<span class=\"elementor-post-date\">\n\t\t\t6. M\u00e4rz 2025\t\t<\/span>\n\t\t\t\t<span class=\"elementor-post-avatar\">\n\t\t\tKeine Kommentare\t\t<\/span>\n\t\t\t\t<\/div>\n\t\t\t\t\t<\/div>\n\t\t<\/article>\n\t\t\t\t<article class=\"elementor-post elementor-grid-item post-5010 post type-post status-publish format-standard hentry category-meinegedanken tag-neujahrsvorsaetze\">\n\t\t\t<div class=\"elementor-post__card\">\n\t\t\t\t<div class=\"elementor-post__text\">\n\t\t\t\t<h2 class=\"elementor-post__title\">\n\t\t\t<a href=\"https:\/\/www.lifestyle-by-wolfgang.at\/WP\/erreichbare-mikroschritte-2-2\/\" >\n\t\t\t\terreichbare Mikroschritte\t\t\t<\/a>\n\t\t<\/h2>\n\t\t\t\t<div class=\"elementor-post__excerpt\">\n\t\t\t<p>Vors\u00e4tze f\u00fcr&#8217;s neue Jahr Wie gehst Du mit deinen Neujahrsvors\u00e4tzen um?Nimmst Du dir riesige Ver\u00e4nderungen vor, die meistens so und so nicht erreicht werden oder<\/p>\n\t\t<\/div>\n\t\t\n\t\t<a class=\"elementor-post__read-more\" href=\"https:\/\/www.lifestyle-by-wolfgang.at\/WP\/erreichbare-mikroschritte-2-2\/\" aria-label=\"Mehr \u00fcber erreichbare Mikroschritte\" tabindex=\"-1\" >\n\t\t\tWeiterlesen \u00bb\t\t<\/a>\n\n\t\t\t\t<\/div>\n\t\t\t\t<div class=\"elementor-post__meta-data\">\n\t\t\t\t\t<span class=\"elementor-post-date\">\n\t\t\t31. Dezember 2024\t\t<\/span>\n\t\t\t\t<span class=\"elementor-post-avatar\">\n\t\t\tKeine Kommentare\t\t<\/span>\n\t\t\t\t<\/div>\n\t\t\t\t\t<\/div>\n\t\t<\/article>\n\t\t\t\t<article class=\"elementor-post elementor-grid-item post-4882 post type-post status-publish format-standard hentry category-meinegedanken tag-weihnachten\">\n\t\t\t<div class=\"elementor-post__card\">\n\t\t\t\t<div class=\"elementor-post__text\">\n\t\t\t\t<h2 class=\"elementor-post__title\">\n\t\t\t<a href=\"https:\/\/www.lifestyle-by-wolfgang.at\/WP\/weihnachten\/\" >\n\t\t\t\tGedanken zum Weihnachtsfest\t\t\t<\/a>\n\t\t<\/h2>\n\t\t\t\t<div class=\"elementor-post__excerpt\">\n\t\t\t<p>Gedanken zum Weihnachtsfest mach was Gutes f\u00fcr dich, schenke dir gute Gedanken, Du bist wertvoll! https:\/\/youtube.com\/watch?v=8fCnvleQGBM<\/p>\n\t\t<\/div>\n\t\t\n\t\t<a class=\"elementor-post__read-more\" href=\"https:\/\/www.lifestyle-by-wolfgang.at\/WP\/weihnachten\/\" aria-label=\"Mehr \u00fcber Gedanken zum Weihnachtsfest\" tabindex=\"-1\" >\n\t\t\tWeiterlesen \u00bb\t\t<\/a>\n\n\t\t\t\t<\/div>\n\t\t\t\t<div class=\"elementor-post__meta-data\">\n\t\t\t\t\t<span class=\"elementor-post-date\">\n\t\t\t24. Dezember 2024\t\t<\/span>\n\t\t\t\t<span class=\"elementor-post-avatar\">\n\t\t\tKeine Kommentare\t\t<\/span>\n\t\t\t\t<\/div>\n\t\t\t\t\t<\/div>\n\t\t<\/article>\n\t\t\t\t<article class=\"elementor-post elementor-grid-item post-4968 post type-post status-publish format-standard hentry category-meinegedanken tag-adventkalender\">\n\t\t\t<div class=\"elementor-post__card\">\n\t\t\t\t<div class=\"elementor-post__text\">\n\t\t\t\t<h2 class=\"elementor-post__title\">\n\t\t\t<a href=\"https:\/\/www.lifestyle-by-wolfgang.at\/WP\/adventkalender-2\/\" >\n\t\t\t\tAdventkalender\t\t\t<\/a>\n\t\t<\/h2>\n\t\t\t\t<div class=\"elementor-post__excerpt\">\n\t\t\t<p>Adventkalender Challenge Mache Dir heuer deinen eigenen Adventkalender; diesmal ohne Schokolade, daf\u00fcr mit der M\u00f6glichkeit, 24 Tage lag f\u00fcr dich gute Worte zu finden, deine<\/p>\n\t\t<\/div>\n\t\t\n\t\t<a class=\"elementor-post__read-more\" href=\"https:\/\/www.lifestyle-by-wolfgang.at\/WP\/adventkalender-2\/\" aria-label=\"Mehr \u00fcber Adventkalender\" tabindex=\"-1\" >\n\t\t\tWeiterlesen \u00bb\t\t<\/a>\n\n\t\t\t\t<\/div>\n\t\t\t\t<div class=\"elementor-post__meta-data\">\n\t\t\t\t\t<span class=\"elementor-post-date\">\n\t\t\t30. November 2024\t\t<\/span>\n\t\t\t\t<span class=\"elementor-post-avatar\">\n\t\t\tKeine Kommentare\t\t<\/span>\n\t\t\t\t<\/div>\n\t\t\t\t\t<\/div>\n\t\t<\/article>\n\t\t\t\t<article class=\"elementor-post elementor-grid-item post-4899 post type-post status-publish format-standard hentry category-meinegedanken tag-mit-fehlern-umgehen\">\n\t\t\t<div class=\"elementor-post__card\">\n\t\t\t\t<div class=\"elementor-post__text\">\n\t\t\t\t<h2 class=\"elementor-post__title\">\n\t\t\t<a href=\"https:\/\/www.lifestyle-by-wolfgang.at\/WP\/mit-fehlern-umgehen-2\/\" >\n\t\t\t\tmit Fehlern umgehen\t\t\t<\/a>\n\t\t<\/h2>\n\t\t\t\t<div class=\"elementor-post__excerpt\">\n\t\t\t<p>mit Fehlern umgehen Wie gehst Du mit Fehlern um? Oder bist Du ein Perfektionist, der so und so keine Fehler macht, k\u00f6nnte anstrengend werden? Oder<\/p>\n\t\t<\/div>\n\t\t\n\t\t<a class=\"elementor-post__read-more\" href=\"https:\/\/www.lifestyle-by-wolfgang.at\/WP\/mit-fehlern-umgehen-2\/\" aria-label=\"Mehr \u00fcber mit Fehlern umgehen\" tabindex=\"-1\" >\n\t\t\tWeiterlesen \u00bb\t\t<\/a>\n\n\t\t\t\t<\/div>\n\t\t\t\t<div class=\"elementor-post__meta-data\">\n\t\t\t\t\t<span class=\"elementor-post-date\">\n\t\t\t10. November 2024\t\t<\/span>\n\t\t\t\t<span class=\"elementor-post-avatar\">\n\t\t\tKeine Kommentare\t\t<\/span>\n\t\t\t\t<\/div>\n\t\t\t\t\t<\/div>\n\t\t<\/article>\n\t\t\t\t<article class=\"elementor-post elementor-grid-item post-4891 post type-post status-publish format-standard hentry category-meinegedanken tag-in-die-stille-gehen\">\n\t\t\t<div class=\"elementor-post__card\">\n\t\t\t\t<div class=\"elementor-post__text\">\n\t\t\t\t<h2 class=\"elementor-post__title\">\n\t\t\t<a href=\"https:\/\/www.lifestyle-by-wolfgang.at\/WP\/in-die-stille-gehen-2\/\" >\n\t\t\t\tIn die Stille gehen\t\t\t<\/a>\n\t\t<\/h2>\n\t\t\t\t<div class=\"elementor-post__excerpt\">\n\t\t\t<p>Stille, Ruhe oder Stress Wie oft am Tag schaffst Du es, mit dir &#8222;in die Stille&#8220; zu kommen oder f\u00fcrchtest Du dich &#8222;Stille&#8220;?Bist Du getrieben<\/p>\n\t\t<\/div>\n\t\t\n\t\t<a class=\"elementor-post__read-more\" href=\"https:\/\/www.lifestyle-by-wolfgang.at\/WP\/in-die-stille-gehen-2\/\" aria-label=\"Mehr \u00fcber In die Stille gehen\" tabindex=\"-1\" >\n\t\t\tWeiterlesen \u00bb\t\t<\/a>\n\n\t\t\t\t<\/div>\n\t\t\t\t<div class=\"elementor-post__meta-data\">\n\t\t\t\t\t<span class=\"elementor-post-date\">\n\t\t\t3. November 2024\t\t<\/span>\n\t\t\t\t<span class=\"elementor-post-avatar\">\n\t\t\tKeine Kommentare\t\t<\/span>\n\t\t\t\t<\/div>\n\t\t\t\t\t<\/div>\n\t\t<\/article>\n\t\t\t\t<article class=\"elementor-post elementor-grid-item post-4782 post type-post status-publish format-standard hentry category-meinegedanken tag-14-tage-laecheln-challenge\">\n\t\t\t<div class=\"elementor-post__card\">\n\t\t\t\t<div class=\"elementor-post__text\">\n\t\t\t\t<h2 class=\"elementor-post__title\">\n\t\t\t<a href=\"https:\/\/www.lifestyle-by-wolfgang.at\/WP\/14-tage-laecheln-challenge\/\" >\n\t\t\t\t14 Tage L\u00e4cheln Challenge\t\t\t<\/a>\n\t\t<\/h2>\n\t\t\t\t<div class=\"elementor-post__excerpt\">\n\t\t\t<p>14 Tage L\u00e4cheln Challenge Missmutig, gar grantig oder mit einem L\u00e4cheln im Gesicht? Wie begegnest Du Deiner Umwelt?Mach mit bei der 14 Tage L\u00e4cheln Challenge<\/p>\n\t\t<\/div>\n\t\t\n\t\t<a class=\"elementor-post__read-more\" href=\"https:\/\/www.lifestyle-by-wolfgang.at\/WP\/14-tage-laecheln-challenge\/\" aria-label=\"Mehr \u00fcber 14 Tage L\u00e4cheln Challenge\" tabindex=\"-1\" >\n\t\t\tWeiterlesen \u00bb\t\t<\/a>\n\n\t\t\t\t<\/div>\n\t\t\t\t<div class=\"elementor-post__meta-data\">\n\t\t\t\t\t<span class=\"elementor-post-date\">\n\t\t\t4. Oktober 2024\t\t<\/span>\n\t\t\t\t<span class=\"elementor-post-avatar\">\n\t\t\tKeine Kommentare\t\t<\/span>\n\t\t\t\t<\/div>\n\t\t\t\t\t<\/div>\n\t\t<\/article>\n\t\t\t\t<\/div>\n\t\t\n\t\t\t\t<div class=\"e-load-more-anchor\" data-page=\"1\" data-max-page=\"5\" data-next-page=\"https:\/\/www.lifestyle-by-wolfgang.at\/WP\/wp-json\/wp\/v2\/pages\/4011\/page\/2\/\"><\/div>\n\t\t\t\t<nav class=\"elementor-pagination\" aria-label=\"Seitennummerierung\">\n\t\t\t<span class=\"page-numbers prev\">&laquo; Voriger<\/span>\n<span aria-current=\"page\" class=\"page-numbers current\"><span class=\"elementor-screen-only\">Seite<\/span>1<\/span>\n<a class=\"page-numbers\" href=\"https:\/\/www.lifestyle-by-wolfgang.at\/WP\/wp-json\/wp\/v2\/pages\/4011\/page\/2\/\"><span class=\"elementor-screen-only\">Seite<\/span>2<\/a>\n<a class=\"page-numbers\" href=\"https:\/\/www.lifestyle-by-wolfgang.at\/WP\/wp-json\/wp\/v2\/pages\/4011\/page\/3\/\"><span class=\"elementor-screen-only\">Seite<\/span>3<\/a>\n<a class=\"page-numbers\" href=\"https:\/\/www.lifestyle-by-wolfgang.at\/WP\/wp-json\/wp\/v2\/pages\/4011\/page\/4\/\"><span class=\"elementor-screen-only\">Seite<\/span>4<\/a>\n<a class=\"page-numbers\" href=\"https:\/\/www.lifestyle-by-wolfgang.at\/WP\/wp-json\/wp\/v2\/pages\/4011\/page\/5\/\"><span class=\"elementor-screen-only\">Seite<\/span>5<\/a>\n<a class=\"page-numbers next\" href=\"https:\/\/www.lifestyle-by-wolfgang.at\/WP\/wp-json\/wp\/v2\/pages\/4011\/page\/2\/\">N\u00e4chster &raquo;<\/a>\t\t<\/nav>\n\t\t\t\t\t\t<\/div>\n\t\t\t\t<\/div>\n\t\t\t\t<\/div>\n\t\t\t\t<\/div>\n\t\t\t\t<\/div>\n\t\t","protected":false},"excerpt":{"rendered":"<p>Meine Gedanken aus dem Wald Jeder sollte einen Platz haben, wo er Kraft sammeln und seine Gedanken ordnen kann. Teilweise erscheinen einem dann die verschiedensten Dinge in seinem Leben klarer, greifbarer, Probleml\u00f6sungen kommen wie von selbst.Habt ihr so einen \u201eKraftplatz\u201c, wo ihr ein paar Minuten ganz f\u00fcr euch sein k\u00f6nnt? Unsere Zeit ist so laut, [&hellip;]<\/p>\n","protected":false},"author":1,"featured_media":0,"parent":0,"menu_order":0,"comment_status":"closed","ping_status":"closed","template":"page-templates\/pagebuilder.php","meta":{"footnotes":""},"class_list":["post-4011","page","type-page","status-publish","hentry"],"_links":{"self":[{"href":"https:\/\/www.lifestyle-by-wolfgang.at\/WP\/wp-json\/wp\/v2\/pages\/4011","targetHints":{"allow":["GET"]}}],"collection":[{"href":"https:\/\/www.lifestyle-by-wolfgang.at\/WP\/wp-json\/wp\/v2\/pages"}],"about":[{"href":"https:\/\/www.lifestyle-by-wolfgang.at\/WP\/wp-json\/wp\/v2\/types\/page"}],"author":[{"embeddable":true,"href":"https:\/\/www.lifestyle-by-wolfgang.at\/WP\/wp-json\/wp\/v2\/users\/1"}],"replies":[{"embeddable":true,"href":"https:\/\/www.lifestyle-by-wolfgang.at\/WP\/wp-json\/wp\/v2\/comments?post=4011"}],"version-history":[{"count":65,"href":"https:\/\/www.lifestyle-by-wolfgang.at\/WP\/wp-json\/wp\/v2\/pages\/4011\/revisions"}],"predecessor-version":[{"id":4338,"href":"https:\/\/www.lifestyle-by-wolfgang.at\/WP\/wp-json\/wp\/v2\/pages\/4011\/revisions\/4338"}],"wp:attachment":[{"href":"https:\/\/www.lifestyle-by-wolfgang.at\/WP\/wp-json\/wp\/v2\/media?parent=4011"}],"curies":[{"name":"wp","href":"https:\/\/api.w.org\/{rel}","templated":true}]}}