{"id":592,"date":"2021-12-28T06:38:59","date_gmt":"2021-12-28T06:38:59","guid":{"rendered":"https:\/\/sichu-blockart-spa.sites.qsandbox.com\/?page_id=29"},"modified":"2023-08-14T11:54:02","modified_gmt":"2023-08-14T09:54:02","slug":"aboutme","status":"publish","type":"page","link":"https:\/\/www.lifestyle-by-wolfgang.at\/WP\/aboutme\/","title":{"rendered":"\u00fcber mich"},"content":{"rendered":"\t\t<div data-elementor-type=\"wp-page\" data-elementor-id=\"592\" class=\"elementor elementor-592\" data-elementor-post-type=\"page\">\n\t\t\t\t\t\t<section class=\"elementor-section elementor-top-section elementor-element elementor-element-26140ec8 elementor-section-boxed elementor-section-height-default elementor-section-height-default\" data-id=\"26140ec8\" data-element_type=\"section\" data-settings=\"{&quot;background_background&quot;:&quot;slideshow&quot;,&quot;background_slideshow_gallery&quot;:[{&quot;id&quot;:605,&quot;url&quot;:&quot;https:\\\/\\\/www.lifestyle-by-wolfgang.at\\\/WP\\\/wp-content\\\/uploads\\\/2022\\\/02\\\/trees-g36a828cf5_1920.jpg&quot;}],&quot;background_slideshow_slide_duration&quot;:5000,&quot;background_slideshow_slide_transition&quot;:&quot;fade&quot;,&quot;background_slideshow_transition_duration&quot;:500}\">\n\t\t\t\t\t\t<div class=\"elementor-container elementor-column-gap-default\">\n\t\t\t\t\t<div class=\"elementor-column elementor-col-100 elementor-top-column elementor-element elementor-element-3608eb21\" data-id=\"3608eb21\" data-element_type=\"column\">\n\t\t\t<div class=\"elementor-widget-wrap elementor-element-populated\">\n\t\t\t\t\t\t<section class=\"elementor-section elementor-inner-section elementor-element elementor-element-8dcdf79 elementor-section-boxed elementor-section-height-default elementor-section-height-default\" data-id=\"8dcdf79\" data-element_type=\"section\">\n\t\t\t\t\t\t<div class=\"elementor-container elementor-column-gap-default\">\n\t\t\t\t\t<div class=\"elementor-column elementor-col-50 elementor-inner-column elementor-element elementor-element-0a9db21\" data-id=\"0a9db21\" data-element_type=\"column\" data-settings=\"{&quot;background_background&quot;:&quot;classic&quot;}\">\n\t\t\t<div class=\"elementor-widget-wrap elementor-element-populated\">\n\t\t\t\t\t\t<div class=\"elementor-element elementor-element-ab8c909 elementor-widget elementor-widget-image\" data-id=\"ab8c909\" data-element_type=\"widget\" data-widget_type=\"image.default\">\n\t\t\t\t<div class=\"elementor-widget-container\">\n\t\t\t\t\t\t\t\t\t\t\t\t<figure class=\"wp-caption\">\n\t\t\t\t\t\t\t\t\t\t<img fetchpriority=\"high\" decoding=\"async\" width=\"768\" height=\"1023\" src=\"https:\/\/www.lifestyle-by-wolfgang.at\/WP\/wp-content\/uploads\/2022\/07\/ImageSeite2_1-768x1023.jpg\" class=\"attachment-medium_large size-medium_large wp-image-1870\" alt=\"\" srcset=\"https:\/\/www.lifestyle-by-wolfgang.at\/WP\/wp-content\/uploads\/2022\/07\/ImageSeite2_1-768x1023.jpg 768w, https:\/\/www.lifestyle-by-wolfgang.at\/WP\/wp-content\/uploads\/2022\/07\/ImageSeite2_1-225x300.jpg 225w, https:\/\/www.lifestyle-by-wolfgang.at\/WP\/wp-content\/uploads\/2022\/07\/ImageSeite2_1.jpg 827w\" sizes=\"(max-width: 768px) 100vw, 768px\" \/>\t\t\t\t\t\t\t\t\t\t\t<figcaption class=\"widget-image-caption wp-caption-text\">der Wald gibt mir Kraft und Energie f\u00fcr die t\u00e4glichen Herausforderungen<\/figcaption>\n\t\t\t\t\t\t\t\t\t\t<\/figure>\n\t\t\t\t\t\t\t\t\t<\/div>\n\t\t\t\t<\/div>\n\t\t\t\t<div class=\"elementor-element elementor-element-2ff051f elementor-widget elementor-widget-image\" data-id=\"2ff051f\" data-element_type=\"widget\" data-widget_type=\"image.default\">\n\t\t\t\t<div class=\"elementor-widget-container\">\n\t\t\t\t\t\t\t\t\t\t\t\t<figure class=\"wp-caption\">\n\t\t\t\t\t\t\t\t\t\t<img decoding=\"async\" width=\"1024\" height=\"767\" src=\"https:\/\/www.lifestyle-by-wolfgang.at\/WP\/wp-content\/uploads\/2022\/07\/Wolfgang_schmeisst_Baum_um-1024x767.jpg\" class=\"attachment-large size-large wp-image-1829\" alt=\"\" srcset=\"https:\/\/www.lifestyle-by-wolfgang.at\/WP\/wp-content\/uploads\/2022\/07\/Wolfgang_schmeisst_Baum_um-1024x767.jpg 1024w, https:\/\/www.lifestyle-by-wolfgang.at\/WP\/wp-content\/uploads\/2022\/07\/Wolfgang_schmeisst_Baum_um-300x225.jpg 300w, https:\/\/www.lifestyle-by-wolfgang.at\/WP\/wp-content\/uploads\/2022\/07\/Wolfgang_schmeisst_Baum_um-768x575.jpg 768w, https:\/\/www.lifestyle-by-wolfgang.at\/WP\/wp-content\/uploads\/2022\/07\/Wolfgang_schmeisst_Baum_um.jpg 1215w\" sizes=\"(max-width: 1024px) 100vw, 1024px\" \/>\t\t\t\t\t\t\t\t\t\t\t<figcaption class=\"widget-image-caption wp-caption-text\">mein Kraftplatz, Platz zum Innehalten, aber auch zum Kraft tanken<\/figcaption>\n\t\t\t\t\t\t\t\t\t\t<\/figure>\n\t\t\t\t\t\t\t\t\t<\/div>\n\t\t\t\t<\/div>\n\t\t\t\t\t<\/div>\n\t\t<\/div>\n\t\t\t\t<div class=\"elementor-column elementor-col-50 elementor-inner-column elementor-element elementor-element-90b1ca2\" data-id=\"90b1ca2\" data-element_type=\"column\" data-settings=\"{&quot;background_background&quot;:&quot;classic&quot;}\">\n\t\t\t<div class=\"elementor-widget-wrap elementor-element-populated\">\n\t\t\t\t\t\t<div class=\"elementor-element elementor-element-48a8821 elementor-widget elementor-widget-heading\" data-id=\"48a8821\" data-element_type=\"widget\" data-widget_type=\"heading.default\">\n\t\t\t\t<div class=\"elementor-widget-container\">\n\t\t\t\t\t<h1 class=\"elementor-heading-title elementor-size-default\"><span style=\", sans-serif;font-size: 40px;white-space: normal\">Grias Eich<\/span><\/h1>\t\t\t\t<\/div>\n\t\t\t\t<\/div>\n\t\t\t\t<div class=\"elementor-element elementor-element-f4294d3 elementor-widget elementor-widget-text-editor\" data-id=\"f4294d3\" data-element_type=\"widget\" data-widget_type=\"text-editor.default\">\n\t\t\t\t<div class=\"elementor-widget-container\">\n\t\t\t\t\t\t\t\t\t<p style=\"font-style: normal;\">Mein Name ist\u00a0<span style=\"font-weight: bold;\">Wolfgang Apfler<\/span> und ich besch\u00e4ftige mich schon seit vielen Jahren mit Ern\u00e4hrung, Verdauung und unseren Genen. Beim Durchst\u00f6bern und Lesen von unz\u00e4hligen Fachb\u00fcchern und Fachliteratur rund um diese Themen hat sich ein gut fundiertes Allgemeinwissen angesammelt, dass ich in allen meinen Beitr\u00e4gen und Videos sehr gerne mit euch teilen m\u00f6chte.<\/p><p style=\"font-style: normal;\"><em>Trotz alledem MUSS ich auch darauf hinweisen, dass ich in keiner Art und Weise Mediziner bin, euch aber eine Menge an Lebenserfahrung anbieten kann.<\/em><\/p><p>Auch meine jahrelange T\u00e4tigkeit als Amway-Berater und Amway-Gesch\u00e4ftspartner spielt f\u00fcr mich dabei eine gro\u00dfe Rolle, da ich dadurch immer Kontakt mit den neuesten Produkten rund um Gesundheit, Ern\u00e4hrung und Lifestyle habe und euch auch in dem Bereich mit Rat und Tat zu Seite stehen kann, wenn ihr das m\u00f6chtet! Dazu habe ich euch einen eigenen Bereich vorbereitet.<\/p><p>Ein weiterer, f\u00fcr mich enorm wichtiger Eckpfeile ist Bewegung und Fitness. Nicht umsonst kam der Dichter <em><strong>Juvenal<\/strong> <\/em>schon im 2. Jahrhundert mit dem Spruch daher:<\/p>\t\t\t\t\t\t\t\t<\/div>\n\t\t\t\t<\/div>\n\t\t\t\t<div class=\"elementor-element elementor-element-a846558 elementor-widget elementor-widget-text-editor\" data-id=\"a846558\" data-element_type=\"widget\" data-widget_type=\"text-editor.default\">\n\t\t\t\t<div class=\"elementor-widget-container\">\n\t\t\t\t\t\t\t\t\t<a style=\"color: #ABC1A1;\" href=\"https:\/\/de.wikipedia.org\/wiki\/Mens_sana_in_corpore_sano\"><span style=\"vertical-align: middle;\">Mens sana in corpore sano<br>ein gesunder Geist in einem gesunden K\u00f6rper<\/span><\/a>\t\t\t\t\t\t\t\t<\/div>\n\t\t\t\t<\/div>\n\t\t\t\t<div class=\"elementor-element elementor-element-a2ea289 elementor-widget elementor-widget-text-editor\" data-id=\"a2ea289\" data-element_type=\"widget\" data-widget_type=\"text-editor.default\">\n\t\t\t\t<div class=\"elementor-widget-container\">\n\t\t\t\t\t\t\t\t\t<p>Was macht ihr tagt\u00e4glich f\u00fcr eure k\u00f6rperliche, aber auch geistige Fitness?<br>\nAuch dazu stelle ich euch mit Spa\u00df und Freude ein paar Videos zur Verf\u00fcgung mit allerlei Tipps, wie ihr auch im Alter Spa\u00df an der Bewegung habt und dadurch fit bleibt.<br>\nAlso, in diesem Sinne, viel Spa\u00df auf meiner Homepage und vor allem:<\/p>\n<p style=\"font-size: 32px;text-align: center; font-weight: bold;\">g&#8217;sund bleiben!<\/p>\t\t\t\t\t\t\t\t<\/div>\n\t\t\t\t<\/div>\n\t\t\t\t\t<\/div>\n\t\t<\/div>\n\t\t\t\t\t<\/div>\n\t\t<\/section>\n\t\t\t\t<section class=\"elementor-section elementor-inner-section elementor-element elementor-element-6ca191b elementor-section-boxed elementor-section-height-default elementor-section-height-default\" data-id=\"6ca191b\" data-element_type=\"section\" data-settings=\"{&quot;background_background&quot;:&quot;classic&quot;}\">\n\t\t\t\t\t\t<div class=\"elementor-container elementor-column-gap-default\">\n\t\t\t\t\t<div class=\"elementor-column elementor-col-100 elementor-inner-column elementor-element elementor-element-85bfc29\" data-id=\"85bfc29\" data-element_type=\"column\" data-settings=\"{&quot;background_background&quot;:&quot;classic&quot;}\">\n\t\t\t<div class=\"elementor-widget-wrap elementor-element-populated\">\n\t\t\t\t\t\t<div class=\"elementor-element elementor-element-cd792e4 elementor-widget elementor-widget-heading\" data-id=\"cd792e4\" data-element_type=\"widget\" data-widget_type=\"heading.default\">\n\t\t\t\t<div class=\"elementor-widget-container\">\n\t\t\t\t\t<h1 class=\"elementor-heading-title elementor-size-default\"><span style=\", sans-serif;font-size: 40px;white-space: normal\">Leben oder Erleben<\/span><\/h1>\t\t\t\t<\/div>\n\t\t\t\t<\/div>\n\t\t\t\t<div class=\"elementor-element elementor-element-3921a62 elementor-widget__width-inherit elementor-widget elementor-widget-text-editor\" data-id=\"3921a62\" data-element_type=\"widget\" data-widget_type=\"text-editor.default\">\n\t\t\t\t<div class=\"elementor-widget-container\">\n\t\t\t\t\t\t\t\t\t<p style=\"font-style: normal;\">Hier der erste Teil meiner Gedanken an Euch:<br \/>&#8222;wollt ihr <strong>LEBEN<\/strong> oder wollt ihr euer Leben <strong>ERLEBEN<\/strong>&#8222;<\/p><p>Wenn ihr mehr von meinen Gedanken im Wald erfahren wollt, es ist bereits eine ganze Serie entstanden, die ich sehr gern mit euch teilen m\u00f6chte:<\/p><p><a href=\"https:\/\/www.lifestyle-by-wolfgang.at\/WP\/aboutme\/meine-gedanken\/\"><span style=\"color: yellow;\"><b>Meine Gedanken aus dem Wald<\/b><\/span><\/a><\/p>\t\t\t\t\t\t\t\t<\/div>\n\t\t\t\t<\/div>\n\t\t\t\t<div class=\"elementor-element elementor-element-03f651c elementor-widget elementor-widget-video\" data-id=\"03f651c\" data-element_type=\"widget\" data-settings=\"{&quot;youtube_url&quot;:&quot;https:\\\/\\\/youtu.be\\\/hTiDmQMdpCI?si=2VvFzeTlUM0geDVE&quot;,&quot;video_type&quot;:&quot;youtube&quot;,&quot;controls&quot;:&quot;yes&quot;}\" data-widget_type=\"video.default\">\n\t\t\t\t<div class=\"elementor-widget-container\">\n\t\t\t\t\t\t\t<div class=\"elementor-wrapper elementor-open-inline\">\n\t\t\t<div class=\"elementor-video\"><\/div>\t\t<\/div>\n\t\t\t\t\t\t<\/div>\n\t\t\t\t<\/div>\n\t\t\t\t\t<\/div>\n\t\t<\/div>\n\t\t\t\t\t<\/div>\n\t\t<\/section>\n\t\t\t\t\t<\/div>\n\t\t<\/div>\n\t\t\t\t\t<\/div>\n\t\t<\/section>\n\t\t\t\t<\/div>\n\t\t","protected":false},"excerpt":{"rendered":"<p>der Wald gibt mir Kraft und Energie f\u00fcr die t\u00e4glichen Herausforderungen mein Kraftplatz, Platz zum Innehalten, aber auch zum Kraft tanken Grias Eich Mein Name ist\u00a0Wolfgang Apfler und ich besch\u00e4ftige mich schon seit vielen Jahren mit Ern\u00e4hrung, Verdauung und unseren Genen. Beim Durchst\u00f6bern und Lesen von unz\u00e4hligen Fachb\u00fcchern und Fachliteratur rund um diese Themen hat [&hellip;]<\/p>\n","protected":false},"author":1,"featured_media":0,"parent":0,"menu_order":0,"comment_status":"closed","ping_status":"closed","template":"page-templates\/pagebuilder.php","meta":{"footnotes":""},"class_list":["post-592","page","type-page","status-publish","hentry"],"_links":{"self":[{"href":"https:\/\/www.lifestyle-by-wolfgang.at\/WP\/wp-json\/wp\/v2\/pages\/592","targetHints":{"allow":["GET"]}}],"collection":[{"href":"https:\/\/www.lifestyle-by-wolfgang.at\/WP\/wp-json\/wp\/v2\/pages"}],"about":[{"href":"https:\/\/www.lifestyle-by-wolfgang.at\/WP\/wp-json\/wp\/v2\/types\/page"}],"author":[{"embeddable":true,"href":"https:\/\/www.lifestyle-by-wolfgang.at\/WP\/wp-json\/wp\/v2\/users\/1"}],"replies":[{"embeddable":true,"href":"https:\/\/www.lifestyle-by-wolfgang.at\/WP\/wp-json\/wp\/v2\/comments?post=592"}],"version-history":[{"count":122,"href":"https:\/\/www.lifestyle-by-wolfgang.at\/WP\/wp-json\/wp\/v2\/pages\/592\/revisions"}],"predecessor-version":[{"id":3360,"href":"https:\/\/www.lifestyle-by-wolfgang.at\/WP\/wp-json\/wp\/v2\/pages\/592\/revisions\/3360"}],"wp:attachment":[{"href":"https:\/\/www.lifestyle-by-wolfgang.at\/WP\/wp-json\/wp\/v2\/media?parent=592"}],"curies":[{"name":"wp","href":"https:\/\/api.w.org\/{rel}","templated":true}]}}