{"id":596,"date":"2015-07-29T13:44:44","date_gmt":"2015-07-29T11:44:44","guid":{"rendered":"https:\/\/sichu-blockart-spa.sites.qsandbox.com\/?page_id=4"},"modified":"2022-07-13T20:00:31","modified_gmt":"2022-07-13T18:00:31","slug":"start","status":"publish","type":"page","link":"https:\/\/www.lifestyle-by-wolfgang.at\/WP\/","title":{"rendered":"Start"},"content":{"rendered":"\t\t<div data-elementor-type=\"wp-page\" data-elementor-id=\"596\" class=\"elementor elementor-596\" data-elementor-post-type=\"page\">\n\t\t\t\t\t\t<section class=\"elementor-section elementor-top-section elementor-element elementor-element-6c557a2f elementor-section-boxed elementor-section-height-default elementor-section-height-default\" data-id=\"6c557a2f\" data-element_type=\"section\" data-settings=\"{&quot;background_background&quot;:&quot;slideshow&quot;,&quot;background_slideshow_gallery&quot;:[{&quot;id&quot;:605,&quot;url&quot;:&quot;https:\\\/\\\/www.lifestyle-by-wolfgang.at\\\/WP\\\/wp-content\\\/uploads\\\/2022\\\/02\\\/trees-g36a828cf5_1920.jpg&quot;}],&quot;background_slideshow_ken_burns&quot;:&quot;yes&quot;,&quot;background_slideshow_ken_burns_zoom_direction&quot;:&quot;out&quot;,&quot;background_slideshow_slide_duration&quot;:5000,&quot;background_slideshow_slide_transition&quot;:&quot;fade&quot;,&quot;background_slideshow_transition_duration&quot;:500}\">\n\t\t\t\t\t\t\t<div class=\"elementor-background-overlay\"><\/div>\n\t\t\t\t\t\t\t<div class=\"elementor-container elementor-column-gap-default\">\n\t\t\t\t\t<div class=\"elementor-column elementor-col-50 elementor-top-column elementor-element elementor-element-2fc787d\" data-id=\"2fc787d\" data-element_type=\"column\">\n\t\t\t<div class=\"elementor-widget-wrap elementor-element-populated\">\n\t\t\t\t\t\t<section class=\"elementor-section elementor-inner-section elementor-element elementor-element-26ff735 elementor-section-full_width elementor-section-height-min-height elementor-section-height-default\" data-id=\"26ff735\" data-element_type=\"section\">\n\t\t\t\t\t\t\t<div class=\"elementor-background-overlay\"><\/div>\n\t\t\t\t\t\t\t<div class=\"elementor-container elementor-column-gap-default\">\n\t\t\t\t\t<div class=\"elementor-column elementor-col-100 elementor-inner-column elementor-element elementor-element-93a8382\" data-id=\"93a8382\" data-element_type=\"column\">\n\t\t\t<div class=\"elementor-widget-wrap elementor-element-populated\">\n\t\t\t\t\t\t<div class=\"elementor-element elementor-element-a4716ba elementor-widget elementor-widget-heading\" data-id=\"a4716ba\" data-element_type=\"widget\" data-widget_type=\"heading.default\">\n\t\t\t\t<div class=\"elementor-widget-container\">\n\t\t\t\t\t<h1 class=\"elementor-heading-title elementor-size-default\"><h2 class=\"blockart-heading blockart-heading-f7f5f962\">Lifestyle <img decoding=\"async\" role=\"img\" class=\"emoji\" alt=\"\ud83d\ude09\" src=\"https:\/\/s.w.org\/images\/core\/emoji\/14.0.0\/svg\/1f609.svg\"> by Wolfgang <img decoding=\"async\" role=\"img\" class=\"emoji\" alt=\"\ud83c\udf4e\" src=\"https:\/\/s.w.org\/images\/core\/emoji\/14.0.0\/svg\/1f34e.svg\"><\/h2><\/h1>\t\t\t\t<\/div>\n\t\t\t\t<\/div>\n\t\t\t\t<div class=\"elementor-element elementor-element-9e29905 elementor-widget elementor-widget-heading\" data-id=\"9e29905\" data-element_type=\"widget\" data-widget_type=\"heading.default\">\n\t\t\t\t<div class=\"elementor-widget-container\">\n\t\t\t\t\t<h2 class=\"elementor-heading-title elementor-size-default\"><span>Ihr Gewicht ist meine Herausforderung<\/span><\/h2>\t\t\t\t<\/div>\n\t\t\t\t<\/div>\n\t\t\t\t<div class=\"elementor-element elementor-element-26fa185 elementor-widget elementor-widget-text-editor\" data-id=\"26fa185\" data-element_type=\"widget\" data-widget_type=\"text-editor.default\">\n\t\t\t\t<div class=\"elementor-widget-container\">\n\t\t\t\t\t\t\t\t\tHerzlich Willkommen in meinem Reich rund um Gene, Ern\u00e4hrung und positivem Lebensgef\u00fchl.\n\nAuf meinen ganzen Seiten k\u00f6nnt ihr sehr viel Informationen zu den Themen Ern\u00e4hrung \u00fcber Fitness bis hin zu Kochrezepten sammeln.\n\nDabei werdet ihr immer wieder sehen, dass der Inhalt teilweise passwortgesch\u00fctzt ist.\nDas soll keine Schikane sein, aber in Zeiten wie diesen muss man mit seinem Content sehr vorsichtig umgehen, um Datenklau und Unfug so gut es geht vorzubeugen, daher meine Bitte: <strong><em>wenn ihr Interesse an den Themen gefunden habt und ein Passwort verhindert den Zugriff, bitte meldet euch bei mir!<\/em><\/strong><\/br>\n<br>\nTelefon: <b><a href=\"tel:+43 676 5393053\">+43 676 5393053<\/a><\/b><br><br>\n\nI gfrei mi auf eich,<br>\neuer Wolfgang Apfler\t\t\t\t\t\t\t\t<\/div>\n\t\t\t\t<\/div>\n\t\t\t\t\t<\/div>\n\t\t<\/div>\n\t\t\t\t\t<\/div>\n\t\t<\/section>\n\t\t\t\t\t<\/div>\n\t\t<\/div>\n\t\t\t\t<div class=\"elementor-column elementor-col-50 elementor-top-column elementor-element elementor-element-aed769\" data-id=\"aed769\" data-element_type=\"column\">\n\t\t\t<div class=\"elementor-widget-wrap elementor-element-populated\">\n\t\t\t\t\t\t<section class=\"elementor-section elementor-inner-section elementor-element elementor-element-f51d926 elementor-section-boxed elementor-section-height-default elementor-section-height-default\" data-id=\"f51d926\" data-element_type=\"section\">\n\t\t\t\t\t\t<div class=\"elementor-container elementor-column-gap-default\">\n\t\t\t\t\t<div class=\"elementor-column elementor-col-100 elementor-inner-column elementor-element elementor-element-53e2525\" data-id=\"53e2525\" data-element_type=\"column\">\n\t\t\t<div class=\"elementor-widget-wrap elementor-element-populated\">\n\t\t\t\t\t\t<div class=\"elementor-element elementor-element-0573428 elementor-widget elementor-widget-image\" data-id=\"0573428\" data-element_type=\"widget\" data-widget_type=\"image.default\">\n\t\t\t\t<div class=\"elementor-widget-container\">\n\t\t\t\t\t\t\t\t\t\t\t\t\t\t\t<img fetchpriority=\"high\" decoding=\"async\" width=\"370\" height=\"617\" src=\"https:\/\/www.lifestyle-by-wolfgang.at\/WP\/wp-content\/uploads\/2022\/06\/Wolfgang_mit_Apfel_1.png\" class=\"attachment-full size-full wp-image-1515\" alt=\"Wolfgang_mit_Apfel\" srcset=\"https:\/\/www.lifestyle-by-wolfgang.at\/WP\/wp-content\/uploads\/2022\/06\/Wolfgang_mit_Apfel_1.png 370w, https:\/\/www.lifestyle-by-wolfgang.at\/WP\/wp-content\/uploads\/2022\/06\/Wolfgang_mit_Apfel_1-180x300.png 180w\" sizes=\"(max-width: 370px) 100vw, 370px\" \/>\t\t\t\t\t\t\t\t\t\t\t\t\t\t\t<\/div>\n\t\t\t\t<\/div>\n\t\t\t\t\t<\/div>\n\t\t<\/div>\n\t\t\t\t\t<\/div>\n\t\t<\/section>\n\t\t\t\t\t<\/div>\n\t\t<\/div>\n\t\t\t\t\t<\/div>\n\t\t<\/section>\n\t\t\t\t<\/div>\n\t\t","protected":false},"excerpt":{"rendered":"<p>Lifestyle by Wolfgang Ihr Gewicht ist meine Herausforderung Herzlich Willkommen in meinem Reich rund um Gene, Ern\u00e4hrung und positivem Lebensgef\u00fchl. Auf meinen ganzen Seiten k\u00f6nnt ihr sehr viel Informationen zu den Themen Ern\u00e4hrung \u00fcber Fitness bis hin zu Kochrezepten sammeln. Dabei werdet ihr immer wieder sehen, dass der Inhalt teilweise passwortgesch\u00fctzt ist. Das soll keine [&hellip;]<\/p>\n","protected":false},"author":1,"featured_media":0,"parent":0,"menu_order":0,"comment_status":"open","ping_status":"closed","template":"page-templates\/pagebuilder.php","meta":{"footnotes":""},"class_list":["post-596","page","type-page","status-publish","hentry"],"_links":{"self":[{"href":"https:\/\/www.lifestyle-by-wolfgang.at\/WP\/wp-json\/wp\/v2\/pages\/596","targetHints":{"allow":["GET"]}}],"collection":[{"href":"https:\/\/www.lifestyle-by-wolfgang.at\/WP\/wp-json\/wp\/v2\/pages"}],"about":[{"href":"https:\/\/www.lifestyle-by-wolfgang.at\/WP\/wp-json\/wp\/v2\/types\/page"}],"author":[{"embeddable":true,"href":"https:\/\/www.lifestyle-by-wolfgang.at\/WP\/wp-json\/wp\/v2\/users\/1"}],"replies":[{"embeddable":true,"href":"https:\/\/www.lifestyle-by-wolfgang.at\/WP\/wp-json\/wp\/v2\/comments?post=596"}],"version-history":[{"count":64,"href":"https:\/\/www.lifestyle-by-wolfgang.at\/WP\/wp-json\/wp\/v2\/pages\/596\/revisions"}],"predecessor-version":[{"id":1828,"href":"https:\/\/www.lifestyle-by-wolfgang.at\/WP\/wp-json\/wp\/v2\/pages\/596\/revisions\/1828"}],"wp:attachment":[{"href":"https:\/\/www.lifestyle-by-wolfgang.at\/WP\/wp-json\/wp\/v2\/media?parent=596"}],"curies":[{"name":"wp","href":"https:\/\/api.w.org\/{rel}","templated":true}]}}